{"id":118,"date":"2025-05-20T19:04:12","date_gmt":"2025-05-20T19:04:12","guid":{"rendered":"https:\/\/birliktedirilishareketi.com\/?page_id=118"},"modified":"2025-05-28T12:24:08","modified_gmt":"2025-05-28T09:24:08","slug":"vizyonumuz","status":"publish","type":"page","link":"https:\/\/birliktedirilishareketi.com\/index.php\/vizyonumuz\/","title":{"rendered":"Hedefimiz"},"content":{"rendered":"\n<h2 class=\"wp-block-heading has-text-align-center\">Hedefimiz<\/h2>\n\n\n\n<p>Birlikte Dirili\u015f Hareketi, \u0130slam\u2019\u0131n \u00f6z\u00fcnden g\u00fc\u00e7 alarak, \u00fcmmetin dirili\u015fi i\u00e7in el birli\u011fiyle y\u00fcr\u00fcyen bir harekettir. Amac\u0131m\u0131z, \u0130slam\u2019\u0131n \u00f6\u011fretilerini hayata ge\u00e7irmek, toplumsal adaleti sa\u011flamak ve her bireyi \u0130slami de\u011ferlere uygun bir \u015fekilde yeti\u015ftirmektir. Haftal\u0131k e\u011fitimlerimiz, \u0130slami ilimler, ahlaki de\u011ferler ve toplumsal sorumluluk bilinciyle \u015fekillenir. Pazartesi g\u00fcn\u00fcnden ba\u015flayarak her g\u00fcn, f\u0131k\u0131h, tefsir, hadis, sahabe hayat\u0131 gibi konularda d\u00fczenledi\u011fimiz derslerle, toplulu\u011fumuzu her a\u00e7\u0131dan g\u00fc\u00e7lendiriyor ve her an\u0131 daha anlaml\u0131 k\u0131l\u0131yoruz.<\/p>\n\n\n\n<p>Bizim i\u00e7in \u00f6nemli olan, her bireyin \u0130slam\u2019a ve \u00fcmmete hizmet etme bilinciyle hareket etmesi, birbirimizi sevgi ve sayg\u0131 i\u00e7inde kucaklayarak b\u00fcy\u00fcmemizdir. Konya\u2019dan y\u00fckselen bu dirili\u015f, t\u00fcm \u00fcmmetin birli\u011fi ve karde\u015fli\u011fi i\u00e7in \u0131\u015f\u0131k olmaktad\u0131r.<\/p>\n\n\n\n<p><\/p>\n","protected":false},"excerpt":{"rendered":"<p>Hedefimiz Birlikte Dirili\u015f Hareketi, \u0130slam\u2019\u0131n \u00f6z\u00fcnden g\u00fc\u00e7 alarak, \u00fcmmetin dirili\u015fi i\u00e7in el birli\u011fiyle y\u00fcr\u00fcyen bir harekettir. Amac\u0131m\u0131z, \u0130slam\u2019\u0131n \u00f6\u011fretilerini hayata ge\u00e7irmek, toplumsal adaleti sa\u011flamak ve her bireyi \u0130slami de\u011ferlere uygun bir \u015fekilde yeti\u015ftirmektir. Haftal\u0131k e\u011fitimlerimiz, \u0130slami ilimler, ahlaki de\u011ferler ve toplumsal sorumluluk bilinciyle \u015fekillenir. Pazartesi g\u00fcn\u00fcnden ba\u015flayarak her g\u00fcn, f\u0131k\u0131h, tefsir, hadis, sahabe hayat\u0131 gibi [&hellip;]<\/p>\n","protected":false},"author":1,"featured_media":234,"parent":0,"menu_order":0,"comment_status":"closed","ping_status":"closed","template":"page-container-wide","meta":{"footnotes":""},"class_list":["post-118","page","type-page","status-publish","has-post-thumbnail","hentry"],"_links":{"self":[{"href":"https:\/\/birliktedirilishareketi.com\/index.php\/wp-json\/wp\/v2\/pages\/118","targetHints":{"allow":["GET"]}}],"collection":[{"href":"https:\/\/birliktedirilishareketi.com\/index.php\/wp-json\/wp\/v2\/pages"}],"about":[{"href":"https:\/\/birliktedirilishareketi.com\/index.php\/wp-json\/wp\/v2\/types\/page"}],"author":[{"embeddable":true,"href":"https:\/\/birliktedirilishareketi.com\/index.php\/wp-json\/wp\/v2\/users\/1"}],"replies":[{"embeddable":true,"href":"https:\/\/birliktedirilishareketi.com\/index.php\/wp-json\/wp\/v2\/comments?post=118"}],"version-history":[{"count":3,"href":"https:\/\/birliktedirilishareketi.com\/index.php\/wp-json\/wp\/v2\/pages\/118\/revisions"}],"predecessor-version":[{"id":295,"href":"https:\/\/birliktedirilishareketi.com\/index.php\/wp-json\/wp\/v2\/pages\/118\/revisions\/295"}],"wp:featuredmedia":[{"embeddable":true,"href":"https:\/\/birliktedirilishareketi.com\/index.php\/wp-json\/wp\/v2\/media\/234"}],"wp:attachment":[{"href":"https:\/\/birliktedirilishareketi.com\/index.php\/wp-json\/wp\/v2\/media?parent=118"}],"curies":[{"name":"wp","href":"https:\/\/api.w.org\/{rel}","templated":true}]}}