{"id":130,"date":"2025-05-20T19:37:14","date_gmt":"2025-05-20T19:37:14","guid":{"rendered":"https:\/\/birliktedirilishareketi.com\/?page_id=130"},"modified":"2025-07-03T12:42:03","modified_gmt":"2025-07-03T09:42:03","slug":"dini-sohbetler","status":"publish","type":"page","link":"https:\/\/birliktedirilishareketi.com\/index.php\/dini-sohbetler\/","title":{"rendered":"Dini Sohbetler"},"content":{"rendered":"\n<figure class=\"wp-block-table is-style-regular\" style=\"margin-top:0;margin-right:var(--wp--preset--spacing--40);margin-bottom:0;margin-left:var(--wp--preset--spacing--40);font-size:0.75rem\"><table class=\"has-foreground-color has-background-light-background-color has-text-color has-background has-link-color\" style=\"border-width:6px\"><thead><tr><th><\/th><th>PAZARTES\u0130<\/th><th>SALI<\/th><th>\u00c7AR\u015eAMBA<\/th><th>PER\u015eEMBE<\/th><th>CUMA<\/th><\/tr><\/thead><tbody><tr><td><strong>KONU\u015eMACI<\/strong><\/td><td>MEHMET G\u00dcNE\u015e<\/td><td>PROF. DR. AL\u0130 AKPINAR<\/td><td>SEYFULLAH AKY\u0130\u011e\u0130T<\/td><td>MUHAMMET U\u011eUZ<\/td><td>DR. ABDURRAHMAN B\u00dcY\u00dcKK\u00d6R\u00dcK\u00c7\u00dc<\/td><\/tr><tr><td><strong>KONU<\/strong><\/td><td>G\u00dcNCEL FIKIH<\/td><td>KURAN-\u0130 KER\u0130M TEFS\u0130R\u0130<\/td><td>SAHABE HAYATI<\/td><td>HAD\u0130S SOHBETLER\u0130<\/td><td>CUMA VAZI<\/td><\/tr><tr><td><strong>YER<\/strong><\/td><td>ERENK\u00d6Y TAH\u0130R B\u00dcY\u00dcKK\u00d6R\u00dcK\u00c7\u00dc HOCA CAM\u0130<\/td><td>ERENK\u00d6Y TAH\u0130R B\u00dcY\u00dcKK\u00d6R\u00dcK\u00c7\u00dc HOCA CAM\u0130<\/td><td>ERENK\u00d6Y TAH\u0130R B\u00dcY\u00dcKK\u00d6R\u00dcK\u00c7\u00dc HOCA CAM\u0130<\/td><td>ERENK\u00d6Y TAH\u0130R B\u00dcY\u00dcKK\u00d6R\u00dcK\u00c7\u00dc HOCA CAM\u0130<\/td><td>ERENK\u00d6Y TAH\u0130R B\u00dcY\u00dcKK\u00d6R\u00dcK\u00c7\u00dc HOCA CAM\u0130<\/td><\/tr><\/tbody><\/table><\/figure>\n\n\n\n<figure class=\"wp-block-gallery has-nested-images columns-default is-cropped wp-block-gallery-1 is-layout-flex wp-block-gallery-is-layout-flex\">\n<figure class=\"wp-block-image size-large\"><img loading=\"lazy\" decoding=\"async\" width=\"1024\" height=\"770\" data-id=\"372\" src=\"https:\/\/birliktedirilishareketi.com\/wp-content\/uploads\/2025\/07\/Mehmet-gunes-hoca-sohbet-1024x770.jpg\" alt=\"\" class=\"wp-image-372\" srcset=\"https:\/\/birliktedirilishareketi.com\/wp-content\/uploads\/2025\/07\/Mehmet-gunes-hoca-sohbet-1024x770.jpg 1024w, https:\/\/birliktedirilishareketi.com\/wp-content\/uploads\/2025\/07\/Mehmet-gunes-hoca-sohbet-300x226.jpg 300w, https:\/\/birliktedirilishareketi.com\/wp-content\/uploads\/2025\/07\/Mehmet-gunes-hoca-sohbet-768x578.jpg 768w, https:\/\/birliktedirilishareketi.com\/wp-content\/uploads\/2025\/07\/Mehmet-gunes-hoca-sohbet.jpg 1167w\" sizes=\"auto, (max-width: 1024px) 100vw, 1024px\" \/><\/figure>\n\n\n\n<figure class=\"wp-block-image size-large\"><img loading=\"lazy\" decoding=\"async\" width=\"1024\" height=\"682\" data-id=\"373\" src=\"https:\/\/birliktedirilishareketi.com\/wp-content\/uploads\/2025\/07\/Muhammet-hoca-sohbet-1024x682.jpg\" alt=\"\" class=\"wp-image-373\" srcset=\"https:\/\/birliktedirilishareketi.com\/wp-content\/uploads\/2025\/07\/Muhammet-hoca-sohbet-1024x682.jpg 1024w, https:\/\/birliktedirilishareketi.com\/wp-content\/uploads\/2025\/07\/Muhammet-hoca-sohbet-300x200.jpg 300w, https:\/\/birliktedirilishareketi.com\/wp-content\/uploads\/2025\/07\/Muhammet-hoca-sohbet-768x512.jpg 768w, https:\/\/birliktedirilishareketi.com\/wp-content\/uploads\/2025\/07\/Muhammet-hoca-sohbet-1170x780.jpg 1170w, https:\/\/birliktedirilishareketi.com\/wp-content\/uploads\/2025\/07\/Muhammet-hoca-sohbet.jpg 1298w\" sizes=\"auto, (max-width: 1024px) 100vw, 1024px\" \/><\/figure>\n\n\n\n<figure class=\"wp-block-image size-large\"><img loading=\"lazy\" decoding=\"async\" width=\"995\" height=\"756\" data-id=\"371\" src=\"https:\/\/birliktedirilishareketi.com\/wp-content\/uploads\/2025\/07\/Ali-Hoca-sohbet.jpg\" alt=\"\" class=\"wp-image-371\" srcset=\"https:\/\/birliktedirilishareketi.com\/wp-content\/uploads\/2025\/07\/Ali-Hoca-sohbet.jpg 995w, https:\/\/birliktedirilishareketi.com\/wp-content\/uploads\/2025\/07\/Ali-Hoca-sohbet-300x228.jpg 300w, https:\/\/birliktedirilishareketi.com\/wp-content\/uploads\/2025\/07\/Ali-Hoca-sohbet-768x584.jpg 768w\" sizes=\"auto, (max-width: 995px) 100vw, 995px\" \/><\/figure>\n\n\n\n<figure class=\"wp-block-image size-large\"><img loading=\"lazy\" decoding=\"async\" width=\"993\" height=\"748\" data-id=\"370\" src=\"https:\/\/birliktedirilishareketi.com\/wp-content\/uploads\/2025\/07\/abdurrahman-hoca-sohbet-1.jpg\" alt=\"\" class=\"wp-image-370\" srcset=\"https:\/\/birliktedirilishareketi.com\/wp-content\/uploads\/2025\/07\/abdurrahman-hoca-sohbet-1.jpg 993w, https:\/\/birliktedirilishareketi.com\/wp-content\/uploads\/2025\/07\/abdurrahman-hoca-sohbet-1-300x226.jpg 300w, https:\/\/birliktedirilishareketi.com\/wp-content\/uploads\/2025\/07\/abdurrahman-hoca-sohbet-1-768x579.jpg 768w\" sizes=\"auto, (max-width: 993px) 100vw, 993px\" \/><\/figure>\n\n\n\n<figure class=\"wp-block-image size-large\"><img loading=\"lazy\" decoding=\"async\" width=\"520\" height=\"600\" data-id=\"102\" src=\"https:\/\/birliktedirilishareketi.com\/wp-content\/uploads\/2025\/05\/faaliyet1.png\" alt=\"\" class=\"wp-image-102\" srcset=\"https:\/\/birliktedirilishareketi.com\/wp-content\/uploads\/2025\/05\/faaliyet1.png 520w, https:\/\/birliktedirilishareketi.com\/wp-content\/uploads\/2025\/05\/faaliyet1-260x300.png 260w\" sizes=\"auto, (max-width: 520px) 100vw, 520px\" \/><\/figure>\n<\/figure>\n\n\n\n<p>Her g\u00fcn, k\u0131ymetli hocalar\u0131m\u0131z\u0131n sohbetleriyle \u0130slam davas\u0131na katk\u0131 sa\u011flamay\u0131 ama\u00e7l\u0131yoruz. Kuran-\u0131 Kerim tefsiri, sahabe hayat\u0131, hadis, g\u00fcncel f\u0131k\u0131h ve sosyal konular \u00fczerine yap\u0131lan sohbetlerle hem ilmimizi art\u0131r\u0131yor hem de manevi yolculu\u011fumuza \u0131\u015f\u0131k tutuyoruz. Hedefimiz, her sohbeti bir \u00f6\u011freti ve hayat\u0131m\u0131za yans\u0131yan bir rehber olarak kabul ederek \u0130slam\u2019a hizmet etmek.<\/p>\n","protected":false},"excerpt":{"rendered":"<p>PAZARTES\u0130 SALI \u00c7AR\u015eAMBA PER\u015eEMBE CUMA KONU\u015eMACI MEHMET G\u00dcNE\u015e PROF. DR. AL\u0130 AKPINAR SEYFULLAH AKY\u0130\u011e\u0130T MUHAMMET U\u011eUZ DR. ABDURRAHMAN B\u00dcY\u00dcKK\u00d6R\u00dcK\u00c7\u00dc KONU G\u00dcNCEL FIKIH KURAN-\u0130 KER\u0130M TEFS\u0130R\u0130 SAHABE HAYATI HAD\u0130S SOHBETLER\u0130 CUMA VAZI YER ERENK\u00d6Y TAH\u0130R B\u00dcY\u00dcKK\u00d6R\u00dcK\u00c7\u00dc HOCA CAM\u0130 ERENK\u00d6Y TAH\u0130R B\u00dcY\u00dcKK\u00d6R\u00dcK\u00c7\u00dc HOCA CAM\u0130 ERENK\u00d6Y TAH\u0130R B\u00dcY\u00dcKK\u00d6R\u00dcK\u00c7\u00dc HOCA CAM\u0130 ERENK\u00d6Y TAH\u0130R B\u00dcY\u00dcKK\u00d6R\u00dcK\u00c7\u00dc HOCA CAM\u0130 ERENK\u00d6Y TAH\u0130R B\u00dcY\u00dcKK\u00d6R\u00dcK\u00c7\u00dc [&hellip;]<\/p>\n","protected":false},"author":1,"featured_media":234,"parent":0,"menu_order":0,"comment_status":"closed","ping_status":"closed","template":"","meta":{"footnotes":""},"class_list":["post-130","page","type-page","status-publish","has-post-thumbnail","hentry"],"_links":{"self":[{"href":"https:\/\/birliktedirilishareketi.com\/index.php\/wp-json\/wp\/v2\/pages\/130","targetHints":{"allow":["GET"]}}],"collection":[{"href":"https:\/\/birliktedirilishareketi.com\/index.php\/wp-json\/wp\/v2\/pages"}],"about":[{"href":"https:\/\/birliktedirilishareketi.com\/index.php\/wp-json\/wp\/v2\/types\/page"}],"author":[{"embeddable":true,"href":"https:\/\/birliktedirilishareketi.com\/index.php\/wp-json\/wp\/v2\/users\/1"}],"replies":[{"embeddable":true,"href":"https:\/\/birliktedirilishareketi.com\/index.php\/wp-json\/wp\/v2\/comments?post=130"}],"version-history":[{"count":13,"href":"https:\/\/birliktedirilishareketi.com\/index.php\/wp-json\/wp\/v2\/pages\/130\/revisions"}],"predecessor-version":[{"id":375,"href":"https:\/\/birliktedirilishareketi.com\/index.php\/wp-json\/wp\/v2\/pages\/130\/revisions\/375"}],"wp:featuredmedia":[{"embeddable":true,"href":"https:\/\/birliktedirilishareketi.com\/index.php\/wp-json\/wp\/v2\/media\/234"}],"wp:attachment":[{"href":"https:\/\/birliktedirilishareketi.com\/index.php\/wp-json\/wp\/v2\/media?parent=130"}],"curies":[{"name":"wp","href":"https:\/\/api.w.org\/{rel}","templated":true}]}}