{"id":146,"date":"2025-05-21T12:53:08","date_gmt":"2025-05-21T09:53:08","guid":{"rendered":"https:\/\/birliktedirilishareketi.com\/?page_id=146"},"modified":"2025-08-12T14:18:22","modified_gmt":"2025-08-12T11:18:22","slug":"esnaflara-yonelik-islami-sohbet-ve-egitim-faaliyetleri","status":"publish","type":"page","link":"https:\/\/birliktedirilishareketi.com\/index.php\/esnaflara-yonelik-islami-sohbet-ve-egitim-faaliyetleri\/","title":{"rendered":"Esnaflara Y\u00f6nelik \u0130slami Sohbet ve E\u011fitim Faaliyetleri"},"content":{"rendered":"\n<figure class=\"wp-block-gallery has-nested-images columns-default is-cropped wp-block-gallery-1 is-layout-flex wp-block-gallery-is-layout-flex\">\n<figure class=\"wp-block-image size-large\"><img loading=\"lazy\" decoding=\"async\" width=\"1024\" height=\"683\" data-id=\"438\" src=\"https:\/\/birliktedirilishareketi.com\/wp-content\/uploads\/2025\/08\/DSCF0058-1-1024x683.jpg\" alt=\"\" class=\"wp-image-438\" srcset=\"https:\/\/birliktedirilishareketi.com\/wp-content\/uploads\/2025\/08\/DSCF0058-1-1024x683.jpg 1024w, https:\/\/birliktedirilishareketi.com\/wp-content\/uploads\/2025\/08\/DSCF0058-1-300x200.jpg 300w, https:\/\/birliktedirilishareketi.com\/wp-content\/uploads\/2025\/08\/DSCF0058-1-768x512.jpg 768w, https:\/\/birliktedirilishareketi.com\/wp-content\/uploads\/2025\/08\/DSCF0058-1-1536x1024.jpg 1536w, https:\/\/birliktedirilishareketi.com\/wp-content\/uploads\/2025\/08\/DSCF0058-1-1170x780.jpg 1170w, https:\/\/birliktedirilishareketi.com\/wp-content\/uploads\/2025\/08\/DSCF0058-1.jpg 1872w\" sizes=\"auto, (max-width: 1024px) 100vw, 1024px\" \/><\/figure>\n<\/figure>\n\n\n\n<figure class=\"wp-block-gallery has-nested-images columns-default is-cropped wp-block-gallery-2 is-layout-flex wp-block-gallery-is-layout-flex\">\n<figure class=\"wp-block-image size-large\"><img loading=\"lazy\" decoding=\"async\" width=\"1024\" height=\"683\" data-id=\"444\" src=\"https:\/\/birliktedirilishareketi.com\/wp-content\/uploads\/2025\/08\/DSCF0368-1024x683.jpg\" alt=\"\" class=\"wp-image-444\" srcset=\"https:\/\/birliktedirilishareketi.com\/wp-content\/uploads\/2025\/08\/DSCF0368-1024x683.jpg 1024w, https:\/\/birliktedirilishareketi.com\/wp-content\/uploads\/2025\/08\/DSCF0368-300x200.jpg 300w, https:\/\/birliktedirilishareketi.com\/wp-content\/uploads\/2025\/08\/DSCF0368-768x512.jpg 768w, https:\/\/birliktedirilishareketi.com\/wp-content\/uploads\/2025\/08\/DSCF0368-1536x1024.jpg 1536w, https:\/\/birliktedirilishareketi.com\/wp-content\/uploads\/2025\/08\/DSCF0368-1170x780.jpg 1170w, https:\/\/birliktedirilishareketi.com\/wp-content\/uploads\/2025\/08\/DSCF0368.jpg 1872w\" sizes=\"auto, (max-width: 1024px) 100vw, 1024px\" \/><\/figure>\n\n\n\n<figure class=\"wp-block-image size-large\"><img loading=\"lazy\" decoding=\"async\" width=\"1024\" height=\"683\" data-id=\"441\" src=\"https:\/\/birliktedirilishareketi.com\/wp-content\/uploads\/2025\/08\/DSCF0370-1024x683.jpg\" alt=\"\" class=\"wp-image-441\" srcset=\"https:\/\/birliktedirilishareketi.com\/wp-content\/uploads\/2025\/08\/DSCF0370-1024x683.jpg 1024w, https:\/\/birliktedirilishareketi.com\/wp-content\/uploads\/2025\/08\/DSCF0370-300x200.jpg 300w, https:\/\/birliktedirilishareketi.com\/wp-content\/uploads\/2025\/08\/DSCF0370-768x512.jpg 768w, https:\/\/birliktedirilishareketi.com\/wp-content\/uploads\/2025\/08\/DSCF0370-1536x1024.jpg 1536w, https:\/\/birliktedirilishareketi.com\/wp-content\/uploads\/2025\/08\/DSCF0370-1170x780.jpg 1170w, https:\/\/birliktedirilishareketi.com\/wp-content\/uploads\/2025\/08\/DSCF0370.jpg 1872w\" sizes=\"auto, (max-width: 1024px) 100vw, 1024px\" \/><\/figure>\n\n\n\n<figure class=\"wp-block-image size-large\"><img loading=\"lazy\" decoding=\"async\" width=\"1024\" height=\"683\" data-id=\"443\" src=\"https:\/\/birliktedirilishareketi.com\/wp-content\/uploads\/2025\/08\/DSCF0380-1024x683.jpg\" alt=\"\" class=\"wp-image-443\" srcset=\"https:\/\/birliktedirilishareketi.com\/wp-content\/uploads\/2025\/08\/DSCF0380-1024x683.jpg 1024w, https:\/\/birliktedirilishareketi.com\/wp-content\/uploads\/2025\/08\/DSCF0380-300x200.jpg 300w, https:\/\/birliktedirilishareketi.com\/wp-content\/uploads\/2025\/08\/DSCF0380-768x512.jpg 768w, https:\/\/birliktedirilishareketi.com\/wp-content\/uploads\/2025\/08\/DSCF0380-1536x1024.jpg 1536w, https:\/\/birliktedirilishareketi.com\/wp-content\/uploads\/2025\/08\/DSCF0380-1170x780.jpg 1170w, https:\/\/birliktedirilishareketi.com\/wp-content\/uploads\/2025\/08\/DSCF0380.jpg 1872w\" sizes=\"auto, (max-width: 1024px) 100vw, 1024px\" \/><\/figure>\n\n\n\n<figure class=\"wp-block-image size-large\"><img loading=\"lazy\" decoding=\"async\" width=\"1024\" height=\"683\" data-id=\"447\" src=\"https:\/\/birliktedirilishareketi.com\/wp-content\/uploads\/2025\/08\/DSCF0383-1024x683.jpg\" alt=\"\" class=\"wp-image-447\" srcset=\"https:\/\/birliktedirilishareketi.com\/wp-content\/uploads\/2025\/08\/DSCF0383-1024x683.jpg 1024w, https:\/\/birliktedirilishareketi.com\/wp-content\/uploads\/2025\/08\/DSCF0383-300x200.jpg 300w, https:\/\/birliktedirilishareketi.com\/wp-content\/uploads\/2025\/08\/DSCF0383-768x512.jpg 768w, https:\/\/birliktedirilishareketi.com\/wp-content\/uploads\/2025\/08\/DSCF0383-1536x1024.jpg 1536w, https:\/\/birliktedirilishareketi.com\/wp-content\/uploads\/2025\/08\/DSCF0383-1170x780.jpg 1170w, https:\/\/birliktedirilishareketi.com\/wp-content\/uploads\/2025\/08\/DSCF0383.jpg 1872w\" sizes=\"auto, (max-width: 1024px) 100vw, 1024px\" \/><\/figure>\n\n\n\n<figure class=\"wp-block-image size-large\"><img loading=\"lazy\" decoding=\"async\" width=\"1024\" height=\"683\" data-id=\"445\" src=\"https:\/\/birliktedirilishareketi.com\/wp-content\/uploads\/2025\/08\/DSCF0396-1024x683.jpg\" alt=\"\" class=\"wp-image-445\" srcset=\"https:\/\/birliktedirilishareketi.com\/wp-content\/uploads\/2025\/08\/DSCF0396-1024x683.jpg 1024w, https:\/\/birliktedirilishareketi.com\/wp-content\/uploads\/2025\/08\/DSCF0396-300x200.jpg 300w, https:\/\/birliktedirilishareketi.com\/wp-content\/uploads\/2025\/08\/DSCF0396-768x512.jpg 768w, https:\/\/birliktedirilishareketi.com\/wp-content\/uploads\/2025\/08\/DSCF0396-1536x1024.jpg 1536w, https:\/\/birliktedirilishareketi.com\/wp-content\/uploads\/2025\/08\/DSCF0396-1170x780.jpg 1170w, https:\/\/birliktedirilishareketi.com\/wp-content\/uploads\/2025\/08\/DSCF0396.jpg 1872w\" sizes=\"auto, (max-width: 1024px) 100vw, 1024px\" \/><\/figure>\n\n\n\n<figure class=\"wp-block-image size-large\"><img loading=\"lazy\" decoding=\"async\" width=\"1024\" height=\"683\" data-id=\"446\" src=\"https:\/\/birliktedirilishareketi.com\/wp-content\/uploads\/2025\/08\/DSCF0399-1-1024x683.jpg\" alt=\"\" class=\"wp-image-446\" srcset=\"https:\/\/birliktedirilishareketi.com\/wp-content\/uploads\/2025\/08\/DSCF0399-1-1024x683.jpg 1024w, https:\/\/birliktedirilishareketi.com\/wp-content\/uploads\/2025\/08\/DSCF0399-1-300x200.jpg 300w, https:\/\/birliktedirilishareketi.com\/wp-content\/uploads\/2025\/08\/DSCF0399-1-768x512.jpg 768w, https:\/\/birliktedirilishareketi.com\/wp-content\/uploads\/2025\/08\/DSCF0399-1-1536x1024.jpg 1536w, https:\/\/birliktedirilishareketi.com\/wp-content\/uploads\/2025\/08\/DSCF0399-1-1170x780.jpg 1170w, https:\/\/birliktedirilishareketi.com\/wp-content\/uploads\/2025\/08\/DSCF0399-1.jpg 1872w\" sizes=\"auto, (max-width: 1024px) 100vw, 1024px\" \/><\/figure>\n\n\n\n<figure class=\"wp-block-image size-large\"><img loading=\"lazy\" decoding=\"async\" width=\"1024\" height=\"683\" data-id=\"442\" src=\"https:\/\/birliktedirilishareketi.com\/wp-content\/uploads\/2025\/08\/DSCF0402-1-1024x683.jpg\" alt=\"\" class=\"wp-image-442\" srcset=\"https:\/\/birliktedirilishareketi.com\/wp-content\/uploads\/2025\/08\/DSCF0402-1-1024x683.jpg 1024w, https:\/\/birliktedirilishareketi.com\/wp-content\/uploads\/2025\/08\/DSCF0402-1-300x200.jpg 300w, https:\/\/birliktedirilishareketi.com\/wp-content\/uploads\/2025\/08\/DSCF0402-1-768x512.jpg 768w, https:\/\/birliktedirilishareketi.com\/wp-content\/uploads\/2025\/08\/DSCF0402-1-1536x1024.jpg 1536w, https:\/\/birliktedirilishareketi.com\/wp-content\/uploads\/2025\/08\/DSCF0402-1-1170x780.jpg 1170w, https:\/\/birliktedirilishareketi.com\/wp-content\/uploads\/2025\/08\/DSCF0402-1.jpg 1872w\" sizes=\"auto, (max-width: 1024px) 100vw, 1024px\" \/><\/figure>\n\n\n\n<figure class=\"wp-block-image size-large\"><img loading=\"lazy\" decoding=\"async\" width=\"1024\" height=\"683\" data-id=\"437\" src=\"https:\/\/birliktedirilishareketi.com\/wp-content\/uploads\/2025\/08\/DSCF0405-1-1024x683.jpg\" alt=\"\" class=\"wp-image-437\" srcset=\"https:\/\/birliktedirilishareketi.com\/wp-content\/uploads\/2025\/08\/DSCF0405-1-1024x683.jpg 1024w, https:\/\/birliktedirilishareketi.com\/wp-content\/uploads\/2025\/08\/DSCF0405-1-300x200.jpg 300w, https:\/\/birliktedirilishareketi.com\/wp-content\/uploads\/2025\/08\/DSCF0405-1-768x512.jpg 768w, https:\/\/birliktedirilishareketi.com\/wp-content\/uploads\/2025\/08\/DSCF0405-1-1536x1024.jpg 1536w, https:\/\/birliktedirilishareketi.com\/wp-content\/uploads\/2025\/08\/DSCF0405-1-1170x780.jpg 1170w, https:\/\/birliktedirilishareketi.com\/wp-content\/uploads\/2025\/08\/DSCF0405-1.jpg 1872w\" sizes=\"auto, (max-width: 1024px) 100vw, 1024px\" \/><\/figure>\n\n\n\n<figure class=\"wp-block-image size-large\"><img loading=\"lazy\" decoding=\"async\" width=\"1024\" height=\"683\" data-id=\"440\" src=\"https:\/\/birliktedirilishareketi.com\/wp-content\/uploads\/2025\/08\/DSCF0409-1-1024x683.jpg\" alt=\"\" class=\"wp-image-440\" srcset=\"https:\/\/birliktedirilishareketi.com\/wp-content\/uploads\/2025\/08\/DSCF0409-1-1024x683.jpg 1024w, https:\/\/birliktedirilishareketi.com\/wp-content\/uploads\/2025\/08\/DSCF0409-1-300x200.jpg 300w, https:\/\/birliktedirilishareketi.com\/wp-content\/uploads\/2025\/08\/DSCF0409-1-768x512.jpg 768w, https:\/\/birliktedirilishareketi.com\/wp-content\/uploads\/2025\/08\/DSCF0409-1-1536x1024.jpg 1536w, https:\/\/birliktedirilishareketi.com\/wp-content\/uploads\/2025\/08\/DSCF0409-1-1170x780.jpg 1170w, https:\/\/birliktedirilishareketi.com\/wp-content\/uploads\/2025\/08\/DSCF0409-1.jpg 1872w\" sizes=\"auto, (max-width: 1024px) 100vw, 1024px\" \/><\/figure>\n\n\n\n<figure class=\"wp-block-image size-large\"><img loading=\"lazy\" decoding=\"async\" width=\"1024\" height=\"683\" data-id=\"448\" src=\"https:\/\/birliktedirilishareketi.com\/wp-content\/uploads\/2025\/08\/DSCF0412-1024x683.jpg\" alt=\"\" class=\"wp-image-448\" srcset=\"https:\/\/birliktedirilishareketi.com\/wp-content\/uploads\/2025\/08\/DSCF0412-1024x683.jpg 1024w, https:\/\/birliktedirilishareketi.com\/wp-content\/uploads\/2025\/08\/DSCF0412-300x200.jpg 300w, https:\/\/birliktedirilishareketi.com\/wp-content\/uploads\/2025\/08\/DSCF0412-768x512.jpg 768w, https:\/\/birliktedirilishareketi.com\/wp-content\/uploads\/2025\/08\/DSCF0412-1536x1024.jpg 1536w, https:\/\/birliktedirilishareketi.com\/wp-content\/uploads\/2025\/08\/DSCF0412-1170x780.jpg 1170w, https:\/\/birliktedirilishareketi.com\/wp-content\/uploads\/2025\/08\/DSCF0412.jpg 1872w\" sizes=\"auto, (max-width: 1024px) 100vw, 1024px\" \/><\/figure>\n<\/figure>\n\n\n\n<p>Esnaflar\u0131m\u0131za y\u00f6nelik d\u00fczenledi\u011fimiz sohbet ve e\u011fitimlerle, i\u015f hayat\u0131nda \u0130slami de\u011ferlerin izlenmesini sa\u011fl\u0131yoruz. Ahlaki ve ticari d\u00fcr\u00fcstl\u00fc\u011f\u00fcn, adaletin ve sabr\u0131n \u00f6nemini vurgulad\u0131\u011f\u0131m\u0131z bu programlar, esnaf karde\u015flerimizin i\u015flerinde manevi ve maddi a\u00e7\u0131dan ba\u015far\u0131l\u0131 olmalar\u0131na katk\u0131 sa\u011fl\u0131yoruz. Amac\u0131m\u0131z, esnaf\u0131m\u0131z\u0131n \u0130slam\u2019\u0131n \u00f6\u011fretileri do\u011frultusunda i\u015flerini d\u00fczg\u00fcn, helal kazan\u00e7la ve toplum faydas\u0131na olacak \u015fekilde y\u00f6netmelerini te\u015fvik etmektir.<\/p>\n","protected":false},"excerpt":{"rendered":"<p>Esnaflar\u0131m\u0131za y\u00f6nelik d\u00fczenledi\u011fimiz sohbet ve e\u011fitimlerle, i\u015f hayat\u0131nda \u0130slami de\u011ferlerin izlenmesini sa\u011fl\u0131yoruz. Ahlaki ve ticari d\u00fcr\u00fcstl\u00fc\u011f\u00fcn, adaletin ve sabr\u0131n \u00f6nemini vurgulad\u0131\u011f\u0131m\u0131z bu programlar, esnaf karde\u015flerimizin i\u015flerinde manevi ve maddi a\u00e7\u0131dan ba\u015far\u0131l\u0131 olmalar\u0131na katk\u0131 sa\u011fl\u0131yoruz. Amac\u0131m\u0131z, esnaf\u0131m\u0131z\u0131n \u0130slam\u2019\u0131n \u00f6\u011fretileri do\u011frultusunda i\u015flerini d\u00fczg\u00fcn, helal kazan\u00e7la ve toplum faydas\u0131na olacak \u015fekilde y\u00f6netmelerini te\u015fvik etmektir.<\/p>\n","protected":false},"author":1,"featured_media":234,"parent":0,"menu_order":0,"comment_status":"closed","ping_status":"closed","template":"","meta":{"footnotes":""},"class_list":["post-146","page","type-page","status-publish","has-post-thumbnail","hentry"],"_links":{"self":[{"href":"https:\/\/birliktedirilishareketi.com\/index.php\/wp-json\/wp\/v2\/pages\/146","targetHints":{"allow":["GET"]}}],"collection":[{"href":"https:\/\/birliktedirilishareketi.com\/index.php\/wp-json\/wp\/v2\/pages"}],"about":[{"href":"https:\/\/birliktedirilishareketi.com\/index.php\/wp-json\/wp\/v2\/types\/page"}],"author":[{"embeddable":true,"href":"https:\/\/birliktedirilishareketi.com\/index.php\/wp-json\/wp\/v2\/users\/1"}],"replies":[{"embeddable":true,"href":"https:\/\/birliktedirilishareketi.com\/index.php\/wp-json\/wp\/v2\/comments?post=146"}],"version-history":[{"count":4,"href":"https:\/\/birliktedirilishareketi.com\/index.php\/wp-json\/wp\/v2\/pages\/146\/revisions"}],"predecessor-version":[{"id":449,"href":"https:\/\/birliktedirilishareketi.com\/index.php\/wp-json\/wp\/v2\/pages\/146\/revisions\/449"}],"wp:featuredmedia":[{"embeddable":true,"href":"https:\/\/birliktedirilishareketi.com\/index.php\/wp-json\/wp\/v2\/media\/234"}],"wp:attachment":[{"href":"https:\/\/birliktedirilishareketi.com\/index.php\/wp-json\/wp\/v2\/media?parent=146"}],"curies":[{"name":"wp","href":"https:\/\/api.w.org\/{rel}","templated":true}]}}