{"id":148,"date":"2025-05-21T12:54:21","date_gmt":"2025-05-21T09:54:21","guid":{"rendered":"https:\/\/birliktedirilishareketi.com\/?page_id=148"},"modified":"2025-08-12T14:03:36","modified_gmt":"2025-08-12T11:03:36","slug":"egitim-sistemi","status":"publish","type":"page","link":"https:\/\/birliktedirilishareketi.com\/index.php\/egitim-sistemi\/","title":{"rendered":"E\u011fitim Sistemi"},"content":{"rendered":"\n<p>Hizmet ekibimiz, gen\u00e7lerimizle birlikte sosyal hayat\u0131n her alan\u0131nda M\u00fcsl\u00fcman duru\u015funu peki\u015ftirmeyi, adab-\u0131 mua\u015feretin inceliklerini \u00f6\u011fretmeyi ve \u0130slami ilimleri derinlemesine kavramay\u0131 hedefliyor. Ger\u00e7ekle\u015ftirdi\u011fimiz e\u011fitimlerle, sadece ilm\u00ee bilgi kazand\u0131rmakla kalm\u0131yor, ayn\u0131 zamanda bu bilgilerin g\u00fcnl\u00fck ya\u015fam\u0131m\u0131za nas\u0131l yans\u0131yaca\u011f\u0131na dair pratik yakla\u015f\u0131mlar geli\u015ftiriyoruz.<\/p>\n","protected":false},"excerpt":{"rendered":"<p>Hizmet ekibimiz, gen\u00e7lerimizle birlikte sosyal hayat\u0131n her alan\u0131nda M\u00fcsl\u00fcman duru\u015funu peki\u015ftirmeyi, adab-\u0131 mua\u015feretin inceliklerini \u00f6\u011fretmeyi ve \u0130slami ilimleri derinlemesine kavramay\u0131 hedefliyor. Ger\u00e7ekle\u015ftirdi\u011fimiz e\u011fitimlerle, sadece ilm\u00ee bilgi kazand\u0131rmakla kalm\u0131yor, ayn\u0131 zamanda bu bilgilerin g\u00fcnl\u00fck ya\u015fam\u0131m\u0131za nas\u0131l yans\u0131yaca\u011f\u0131na dair pratik yakla\u015f\u0131mlar geli\u015ftiriyoruz.<\/p>\n","protected":false},"author":1,"featured_media":427,"parent":0,"menu_order":0,"comment_status":"closed","ping_status":"closed","template":"","meta":{"footnotes":""},"class_list":["post-148","page","type-page","status-publish","has-post-thumbnail","hentry"],"_links":{"self":[{"href":"https:\/\/birliktedirilishareketi.com\/index.php\/wp-json\/wp\/v2\/pages\/148","targetHints":{"allow":["GET"]}}],"collection":[{"href":"https:\/\/birliktedirilishareketi.com\/index.php\/wp-json\/wp\/v2\/pages"}],"about":[{"href":"https:\/\/birliktedirilishareketi.com\/index.php\/wp-json\/wp\/v2\/types\/page"}],"author":[{"embeddable":true,"href":"https:\/\/birliktedirilishareketi.com\/index.php\/wp-json\/wp\/v2\/users\/1"}],"replies":[{"embeddable":true,"href":"https:\/\/birliktedirilishareketi.com\/index.php\/wp-json\/wp\/v2\/comments?post=148"}],"version-history":[{"count":3,"href":"https:\/\/birliktedirilishareketi.com\/index.php\/wp-json\/wp\/v2\/pages\/148\/revisions"}],"predecessor-version":[{"id":426,"href":"https:\/\/birliktedirilishareketi.com\/index.php\/wp-json\/wp\/v2\/pages\/148\/revisions\/426"}],"wp:featuredmedia":[{"embeddable":true,"href":"https:\/\/birliktedirilishareketi.com\/index.php\/wp-json\/wp\/v2\/media\/427"}],"wp:attachment":[{"href":"https:\/\/birliktedirilishareketi.com\/index.php\/wp-json\/wp\/v2\/media?parent=148"}],"curies":[{"name":"wp","href":"https:\/\/api.w.org\/{rel}","templated":true}]}}