{"id":161,"date":"2025-05-21T13:32:27","date_gmt":"2025-05-21T10:32:27","guid":{"rendered":"https:\/\/birliktedirilishareketi.com\/?page_id=161"},"modified":"2025-05-22T14:52:37","modified_gmt":"2025-05-22T11:52:37","slug":"iletisim","status":"publish","type":"page","link":"https:\/\/birliktedirilishareketi.com\/index.php\/iletisim\/","title":{"rendered":"\u0130leti\u015fim"},"content":{"rendered":"\n<div class=\"wp-block-cover has-parallax\" style=\"min-height:85vh;aspect-ratio:unset;\"><div class=\"wp-block-cover__image-background wp-image-92 size-large has-parallax\" style=\"background-position:50% 50%;background-image:url(https:\/\/birliktedirilishareketi.com\/wp-content\/uploads\/2025\/05\/Logo-background-1024x819.png)\"><\/div><span aria-hidden=\"true\" class=\"wp-block-cover__background has-background-dim-0 has-background-dim\" style=\"background-color:#594441\"><\/span><div class=\"wp-block-cover__inner-container is-layout-flow wp-block-cover-is-layout-flow\">\n<div class=\"wp-block-group is-layout-constrained wp-container-core-group-is-layout-2f3826cf wp-block-group-is-layout-constrained\">\n<div class=\"wp-block-group has-background-background-color has-background is-layout-flow wp-block-group-is-layout-flow\" style=\"padding-top:80px;padding-right:15%;padding-bottom:80px;padding-left:15%\">\n<p class=\"has-text-align-center\"><\/p>\n\n\n\n<h2 class=\"wp-block-heading has-text-align-center has-headings-color has-text-color has-large-font-size\" id=\"feel-free-to-contact-me-anytime\"><em>Hakk\u0131m\u0131zda g\u00f6r\u00fc\u015f ve \u00f6nerileriniz bizim i\u00e7in \u00f6nemlidir<\/em>.<\/h2>\n\n\n\n<div style=\"height:20px\" aria-hidden=\"true\" class=\"wp-block-spacer\"><\/div>\n\n\n\n<p class=\"has-text-align-center has-text-regular-color has-text-color\">Yaka mah. Pa\u015fa sokak. No: 14 Meram \/ Konya T\u00fcrkiye<\/p>\n\n\n\n<p class=\"has-text-align-center mt-1 has-text-regular-color has-text-color\">Tel &amp; Whatsapp: <a href=\"mailto:hello@support.com\"><a href=\"mailto:hello@support.com\">+90 552 102 73 53<\/a><\/a><\/p>\n\n\n\n<p class=\"has-text-align-center mt-1 has-text-regular-color has-text-color\">E-Posta: <a href=\"mailto:themesupport@gmail.com\">info@birliktedirilishareketi.com<\/a><\/p>\n<\/div>\n<\/div>\n<\/div><\/div>\n","protected":false},"excerpt":{"rendered":"","protected":false},"author":1,"featured_media":141,"parent":0,"menu_order":0,"comment_status":"closed","ping_status":"closed","template":"page-contact","meta":{"footnotes":""},"class_list":["post-161","page","type-page","status-publish","has-post-thumbnail","hentry"],"_links":{"self":[{"href":"https:\/\/birliktedirilishareketi.com\/index.php\/wp-json\/wp\/v2\/pages\/161","targetHints":{"allow":["GET"]}}],"collection":[{"href":"https:\/\/birliktedirilishareketi.com\/index.php\/wp-json\/wp\/v2\/pages"}],"about":[{"href":"https:\/\/birliktedirilishareketi.com\/index.php\/wp-json\/wp\/v2\/types\/page"}],"author":[{"embeddable":true,"href":"https:\/\/birliktedirilishareketi.com\/index.php\/wp-json\/wp\/v2\/users\/1"}],"replies":[{"embeddable":true,"href":"https:\/\/birliktedirilishareketi.com\/index.php\/wp-json\/wp\/v2\/comments?post=161"}],"version-history":[{"count":1,"href":"https:\/\/birliktedirilishareketi.com\/index.php\/wp-json\/wp\/v2\/pages\/161\/revisions"}],"predecessor-version":[{"id":162,"href":"https:\/\/birliktedirilishareketi.com\/index.php\/wp-json\/wp\/v2\/pages\/161\/revisions\/162"}],"wp:featuredmedia":[{"embeddable":true,"href":"https:\/\/birliktedirilishareketi.com\/index.php\/wp-json\/wp\/v2\/media\/141"}],"wp:attachment":[{"href":"https:\/\/birliktedirilishareketi.com\/index.php\/wp-json\/wp\/v2\/media?parent=161"}],"curies":[{"name":"wp","href":"https:\/\/api.w.org\/{rel}","templated":true}]}}