{"id":165,"date":"2025-05-21T13:40:32","date_gmt":"2025-05-21T10:40:32","guid":{"rendered":"https:\/\/birliktedirilishareketi.com\/?page_id=165"},"modified":"2025-05-22T14:53:42","modified_gmt":"2025-05-22T11:53:42","slug":"uye-sistemi","status":"publish","type":"page","link":"https:\/\/birliktedirilishareketi.com\/index.php\/uye-sistemi\/","title":{"rendered":"\u00dcye Sistemi"},"content":{"rendered":"\n<div class=\"wp-block-cover is-light\"><img loading=\"lazy\" decoding=\"async\" width=\"950\" height=\"494\" class=\"wp-block-cover__image-background wp-image-167 size-full\" alt=\"\" src=\"https:\/\/birliktedirilishareketi.com\/wp-content\/uploads\/2025\/05\/mobil-uygulama-gelistirme-asamalari-nelerdir.png\" data-object-fit=\"cover\" srcset=\"https:\/\/birliktedirilishareketi.com\/wp-content\/uploads\/2025\/05\/mobil-uygulama-gelistirme-asamalari-nelerdir.png 950w, https:\/\/birliktedirilishareketi.com\/wp-content\/uploads\/2025\/05\/mobil-uygulama-gelistirme-asamalari-nelerdir-300x156.png 300w, https:\/\/birliktedirilishareketi.com\/wp-content\/uploads\/2025\/05\/mobil-uygulama-gelistirme-asamalari-nelerdir-768x399.png 768w\" sizes=\"auto, (max-width: 950px) 100vw, 950px\" \/><span aria-hidden=\"true\" class=\"wp-block-cover__background has-primary-background-color has-background-dim-80 has-background-dim\"><\/span><div class=\"wp-block-cover__inner-container is-layout-constrained wp-block-cover-is-layout-constrained\">\n<p class=\"has-text-align-center has-background-color has-text-color has-link-color has-large-font-size wp-elements-063b872ddc29f91f7b4facadff700773\">\u00c7al\u0131\u015fma A\u015famas\u0131nda <\/p>\n\n\n\n<p class=\"has-text-align-center has-background-color has-text-color has-link-color wp-elements-04cf909691553a84809a542dcb6e1e6c\">Yak\u0131nda Bizim \u00d6zel \u00dcye Sistemimiz Geli\u015fecek Allah&#8217;\u0131n \u0130zni ie.<\/p>\n<\/div><\/div>\n","protected":false},"excerpt":{"rendered":"","protected":false},"author":1,"featured_media":141,"parent":0,"menu_order":0,"comment_status":"closed","ping_status":"closed","template":"page-header-footer-only","meta":{"footnotes":""},"class_list":["post-165","page","type-page","status-publish","has-post-thumbnail","hentry"],"_links":{"self":[{"href":"https:\/\/birliktedirilishareketi.com\/index.php\/wp-json\/wp\/v2\/pages\/165","targetHints":{"allow":["GET"]}}],"collection":[{"href":"https:\/\/birliktedirilishareketi.com\/index.php\/wp-json\/wp\/v2\/pages"}],"about":[{"href":"https:\/\/birliktedirilishareketi.com\/index.php\/wp-json\/wp\/v2\/types\/page"}],"author":[{"embeddable":true,"href":"https:\/\/birliktedirilishareketi.com\/index.php\/wp-json\/wp\/v2\/users\/1"}],"replies":[{"embeddable":true,"href":"https:\/\/birliktedirilishareketi.com\/index.php\/wp-json\/wp\/v2\/comments?post=165"}],"version-history":[{"count":1,"href":"https:\/\/birliktedirilishareketi.com\/index.php\/wp-json\/wp\/v2\/pages\/165\/revisions"}],"predecessor-version":[{"id":168,"href":"https:\/\/birliktedirilishareketi.com\/index.php\/wp-json\/wp\/v2\/pages\/165\/revisions\/168"}],"wp:featuredmedia":[{"embeddable":true,"href":"https:\/\/birliktedirilishareketi.com\/index.php\/wp-json\/wp\/v2\/media\/141"}],"wp:attachment":[{"href":"https:\/\/birliktedirilishareketi.com\/index.php\/wp-json\/wp\/v2\/media?parent=165"}],"curies":[{"name":"wp","href":"https:\/\/api.w.org\/{rel}","templated":true}]}}