{"id":173,"date":"2025-05-21T14:13:55","date_gmt":"2025-05-21T11:13:55","guid":{"rendered":"https:\/\/birliktedirilishareketi.com\/?page_id=173"},"modified":"2025-07-03T13:45:34","modified_gmt":"2025-07-03T10:45:34","slug":"yapilan-ziyaretler","status":"publish","type":"page","link":"https:\/\/birliktedirilishareketi.com\/index.php\/yapilan-ziyaretler\/","title":{"rendered":"Yap\u0131lan Ziyaretler"},"content":{"rendered":"\n<div class=\"wp-block-media-text is-stacked-on-mobile is-vertically-aligned-center\" style=\"grid-template-columns:54% auto\"><figure class=\"wp-block-media-text__media\"><img loading=\"lazy\" decoding=\"async\" width=\"2560\" height=\"1707\" src=\"https:\/\/birliktedirilishareketi.com\/wp-content\/uploads\/2025\/05\/WhatsApp-Image-2025-05-21-at-14.10.53-1-scaled.jpeg\" alt=\"\" class=\"wp-image-302 size-full\" srcset=\"https:\/\/birliktedirilishareketi.com\/wp-content\/uploads\/2025\/05\/WhatsApp-Image-2025-05-21-at-14.10.53-1-scaled.jpeg 2560w, https:\/\/birliktedirilishareketi.com\/wp-content\/uploads\/2025\/05\/WhatsApp-Image-2025-05-21-at-14.10.53-1-300x200.jpeg 300w, https:\/\/birliktedirilishareketi.com\/wp-content\/uploads\/2025\/05\/WhatsApp-Image-2025-05-21-at-14.10.53-1-1024x683.jpeg 1024w, https:\/\/birliktedirilishareketi.com\/wp-content\/uploads\/2025\/05\/WhatsApp-Image-2025-05-21-at-14.10.53-1-768x512.jpeg 768w, https:\/\/birliktedirilishareketi.com\/wp-content\/uploads\/2025\/05\/WhatsApp-Image-2025-05-21-at-14.10.53-1-1536x1024.jpeg 1536w, https:\/\/birliktedirilishareketi.com\/wp-content\/uploads\/2025\/05\/WhatsApp-Image-2025-05-21-at-14.10.53-1-2048x1365.jpeg 2048w, https:\/\/birliktedirilishareketi.com\/wp-content\/uploads\/2025\/05\/WhatsApp-Image-2025-05-21-at-14.10.53-1-1170x780.jpeg 1170w\" sizes=\"auto, (max-width: 2560px) 100vw, 2560px\" \/><\/figure><div class=\"wp-block-media-text__content\">\n<h6 class=\"wp-block-heading\">Konya B\u00fcy\u00fck\u015feh\u0130r Beled\u0130yes\u0130 Ba\u015fkan\u0131 Z\u0130yaret\u0130<\/h6>\n\n\n\n<p>Konya B\u00fcy\u00fck\u015fehir Belediyesi Ba\u015fkan\u0131 Say\u0131n U\u011fur \u0130brahim ALTAY&#8217;\u0131 makam\u0131nda ziyaret ettik. Derne\u011fimizin faaliyetlerinden bahsettik g\u00fczel bir g\u00f6r\u00fc\u015fme oldu kendilerine misafirperverli\u011finden dolay\u0131 derne\u011fimiz te\u015fekk\u00fcr ediyoruz.<\/p>\n<\/div><\/div>\n\n\n\n<div class=\"wp-block-media-text has-media-on-the-right is-stacked-on-mobile\"><div class=\"wp-block-media-text__content\">\n<h6 class=\"wp-block-heading\">Meram Beled\u0130ye Ba\u015fkan\u0131 z\u0130yaret\u0130<\/h6>\n\n\n\n<p>Meram Belediye Ba\u015fkan\u0131 Say\u0131n Mustafa KAVU\u015e&#8217;u &#8220;makam\u0131nda ziyaret ettik. derne\u011fimizin faaliyetlerini aktard\u0131k. Olduk\u00e7a verimli bir g\u00f6r\u00fc\u015fme oldu. Misafirperverliklerinden \u00f6t\u00fcr\u00fc kendilerine derne\u011fimiz ad\u0131na te\u015fekk\u00fcr ederiz.<\/p>\n<\/div><figure class=\"wp-block-media-text__media\"><img loading=\"lazy\" decoding=\"async\" width=\"1024\" height=\"683\" src=\"https:\/\/birliktedirilishareketi.com\/wp-content\/uploads\/2025\/05\/WhatsApp-Image-2025-05-21-at-14.06.57-1-1024x683.jpeg\" alt=\"\" class=\"wp-image-304 size-full\" srcset=\"https:\/\/birliktedirilishareketi.com\/wp-content\/uploads\/2025\/05\/WhatsApp-Image-2025-05-21-at-14.06.57-1-1024x683.jpeg 1024w, https:\/\/birliktedirilishareketi.com\/wp-content\/uploads\/2025\/05\/WhatsApp-Image-2025-05-21-at-14.06.57-1-300x200.jpeg 300w, https:\/\/birliktedirilishareketi.com\/wp-content\/uploads\/2025\/05\/WhatsApp-Image-2025-05-21-at-14.06.57-1-768x512.jpeg 768w, https:\/\/birliktedirilishareketi.com\/wp-content\/uploads\/2025\/05\/WhatsApp-Image-2025-05-21-at-14.06.57-1-1536x1024.jpeg 1536w, https:\/\/birliktedirilishareketi.com\/wp-content\/uploads\/2025\/05\/WhatsApp-Image-2025-05-21-at-14.06.57-1-2048x1366.jpeg 2048w, https:\/\/birliktedirilishareketi.com\/wp-content\/uploads\/2025\/05\/WhatsApp-Image-2025-05-21-at-14.06.57-1-1170x780.jpeg 1170w\" sizes=\"auto, (max-width: 1024px) 100vw, 1024px\" \/><\/figure><\/div>\n\n\n\n<div class=\"wp-block-media-text is-stacked-on-mobile\"><figure class=\"wp-block-media-text__media\"><img loading=\"lazy\" decoding=\"async\" width=\"1024\" height=\"768\" src=\"https:\/\/birliktedirilishareketi.com\/wp-content\/uploads\/2025\/05\/WhatsApp-Image-2025-05-21-at-14.02.04-1-1024x768.jpeg\" alt=\"\" class=\"wp-image-305 size-full\" srcset=\"https:\/\/birliktedirilishareketi.com\/wp-content\/uploads\/2025\/05\/WhatsApp-Image-2025-05-21-at-14.02.04-1-1024x768.jpeg 1024w, https:\/\/birliktedirilishareketi.com\/wp-content\/uploads\/2025\/05\/WhatsApp-Image-2025-05-21-at-14.02.04-1-300x225.jpeg 300w, https:\/\/birliktedirilishareketi.com\/wp-content\/uploads\/2025\/05\/WhatsApp-Image-2025-05-21-at-14.02.04-1-768x576.jpeg 768w, https:\/\/birliktedirilishareketi.com\/wp-content\/uploads\/2025\/05\/WhatsApp-Image-2025-05-21-at-14.02.04-1-1536x1152.jpeg 1536w, https:\/\/birliktedirilishareketi.com\/wp-content\/uploads\/2025\/05\/WhatsApp-Image-2025-05-21-at-14.02.04-1-2048x1536.jpeg 2048w, https:\/\/birliktedirilishareketi.com\/wp-content\/uploads\/2025\/05\/WhatsApp-Image-2025-05-21-at-14.02.04-1-1170x878.jpeg 1170w\" sizes=\"auto, (max-width: 1024px) 100vw, 1024px\" \/><\/figure><div class=\"wp-block-media-text__content\">\n<h6 class=\"wp-block-heading\">Sel\u00e7uklu \u0130l\u00e7e M\u00fcfT\u00fcl\u00fc\u011f\u00fc<\/h6>\n\n\n\n<p>Sel\u00e7uklu \u0130l\u00e7e M\u00fcft\u00fcs\u00fc Say\u0131n Selim Yaz\u0131c\u0131\u2019y\u0131 ziyaret ettik. K\u0131ymetli makamlar\u0131nda bizleri a\u011f\u0131rlad\u0131lar. Derne\u011fimizin \u00e7al\u0131\u015fmalar\u0131 hakk\u0131nda bilgi verdik. Misafirperverliklerinden \u00f6t\u00fcr\u00fc kendilerine g\u00f6n\u00fclden te\u015fekk\u00fcr ederiz.<\/p>\n<\/div><\/div>\n\n\n\n<div class=\"wp-block-media-text has-media-on-the-right is-stacked-on-mobile\" style=\"grid-template-columns:auto 56%\"><div class=\"wp-block-media-text__content\">\n<h6 class=\"wp-block-heading\">Konya B\u00fcy\u00fck\u015feh\u0130r Beled\u0130yes\u0130 Genel SekreterL\u0130\u011e\u0130<\/h6>\n\n\n\n<p>Konya B\u00fcy\u00fck\u015fehir Belediyesi Genel Sekreteri Say\u0131n Ercan Uslu\u2019yu makam\u0131nda ziyaret ettik. Ger\u00e7ekle\u015ftirdi\u011fimiz nezaket ziyaretinde derne\u011fimizin y\u00fcr\u00fctt\u00fc\u011f\u00fc projeleri payla\u015ft\u0131k. Yap\u0131c\u0131 ve samimi bir g\u00f6r\u00fc\u015fme ger\u00e7ekle\u015ftirdik. Misafirperver yakla\u015f\u0131mlar\u0131 dolay\u0131s\u0131yla kendilerine te\u015fekk\u00fcr ederiz.<\/p>\n<\/div><figure class=\"wp-block-media-text__media\"><img loading=\"lazy\" decoding=\"async\" width=\"1024\" height=\"843\" src=\"https:\/\/birliktedirilishareketi.com\/wp-content\/uploads\/2025\/05\/WhatsApp-Image-2025-05-21-at-14.02.16-1-1024x843.jpeg\" alt=\"\" class=\"wp-image-306 size-full\" srcset=\"https:\/\/birliktedirilishareketi.com\/wp-content\/uploads\/2025\/05\/WhatsApp-Image-2025-05-21-at-14.02.16-1-1024x843.jpeg 1024w, https:\/\/birliktedirilishareketi.com\/wp-content\/uploads\/2025\/05\/WhatsApp-Image-2025-05-21-at-14.02.16-1-300x247.jpeg 300w, https:\/\/birliktedirilishareketi.com\/wp-content\/uploads\/2025\/05\/WhatsApp-Image-2025-05-21-at-14.02.16-1-768x632.jpeg 768w, https:\/\/birliktedirilishareketi.com\/wp-content\/uploads\/2025\/05\/WhatsApp-Image-2025-05-21-at-14.02.16-1-1536x1265.jpeg 1536w, https:\/\/birliktedirilishareketi.com\/wp-content\/uploads\/2025\/05\/WhatsApp-Image-2025-05-21-at-14.02.16-1-2048x1686.jpeg 2048w, https:\/\/birliktedirilishareketi.com\/wp-content\/uploads\/2025\/05\/WhatsApp-Image-2025-05-21-at-14.02.16-1-1170x963.jpeg 1170w\" sizes=\"auto, (max-width: 1024px) 100vw, 1024px\" \/><\/figure><\/div>\n\n\n\n<div class=\"wp-block-media-text is-stacked-on-mobile\" style=\"grid-template-columns:51% auto\"><figure class=\"wp-block-media-text__media\"><img loading=\"lazy\" decoding=\"async\" width=\"1024\" height=\"576\" src=\"https:\/\/birliktedirilishareketi.com\/wp-content\/uploads\/2025\/06\/WhatsApp-Image-2025-06-27-at-14.08.20-1-1024x576.jpeg\" alt=\"\" class=\"wp-image-334 size-full\" srcset=\"https:\/\/birliktedirilishareketi.com\/wp-content\/uploads\/2025\/06\/WhatsApp-Image-2025-06-27-at-14.08.20-1-1024x576.jpeg 1024w, https:\/\/birliktedirilishareketi.com\/wp-content\/uploads\/2025\/06\/WhatsApp-Image-2025-06-27-at-14.08.20-1-300x169.jpeg 300w, https:\/\/birliktedirilishareketi.com\/wp-content\/uploads\/2025\/06\/WhatsApp-Image-2025-06-27-at-14.08.20-1-768x432.jpeg 768w, https:\/\/birliktedirilishareketi.com\/wp-content\/uploads\/2025\/06\/WhatsApp-Image-2025-06-27-at-14.08.20-1-1536x864.jpeg 1536w, https:\/\/birliktedirilishareketi.com\/wp-content\/uploads\/2025\/06\/WhatsApp-Image-2025-06-27-at-14.08.20-1-2048x1152.jpeg 2048w, https:\/\/birliktedirilishareketi.com\/wp-content\/uploads\/2025\/06\/WhatsApp-Image-2025-06-27-at-14.08.20-1-1170x658.jpeg 1170w\" sizes=\"auto, (max-width: 1024px) 100vw, 1024px\" \/><\/figure><div class=\"wp-block-media-text__content\">\n<h6 class=\"wp-block-heading\">KARATAY BELED\u0130YE BA\u015eKANI<\/h6>\n\n\n\n<p>Karatay Belediye Ba\u015fkan\u0131 Say\u0131n HASAN KILCA&#8217;y\u0131 makam\u0131nda ziyaret ettik. makamlar\u0131nda a\u011f\u0131rlanarak derne\u011fimizin \u00e7al\u0131\u015fmalar\u0131 hakk\u0131nda bilgi verme f\u0131rsat\u0131 bulduk. Olduk\u00e7a s\u0131cak ve yap\u0131c\u0131 bir g\u00f6r\u00fc\u015fmeydi. Nezakerleri i\u00e7in te\u015fekk\u00fcrlerimizi sunar\u0131z.<\/p>\n<\/div><\/div>\n\n\n\n<div class=\"wp-block-media-text has-media-on-the-right is-stacked-on-mobile is-vertically-aligned-center\" style=\"grid-template-columns:auto 53%\"><div class=\"wp-block-media-text__content\">\n<h6 class=\"wp-block-heading\">SEL\u00c7UKLU Beled\u0130ye Ba\u015fkan\u0131 z\u0130yaret\u0130<\/h6>\n\n\n\n<p>Sel\u00e7uklu Belediye Ba\u015fkan\u0131 Say\u0131n AHMET PEKYATIRMACI\u2019y\u0131 ziyaret ettik. K\u0131ymetli makamlar\u0131nda bizleri a\u011f\u0131rlad\u0131lar. Derne\u011fimizin \u00e7al\u0131\u015fmalar\u0131 hakk\u0131nda bilgi verdik. Misafirperverliklerinden \u00f6t\u00fcr\u00fc kendilerine g\u00f6n\u00fclden te\u015fekk\u00fcr ederiz.<\/p>\n<\/div><figure class=\"wp-block-media-text__media\"><img loading=\"lazy\" decoding=\"async\" width=\"1024\" height=\"622\" src=\"https:\/\/birliktedirilishareketi.com\/wp-content\/uploads\/2025\/07\/WhatsApp-Image-2025-07-01-at-09.49.11-1024x622.jpeg\" alt=\"\" class=\"wp-image-377 size-full\" srcset=\"https:\/\/birliktedirilishareketi.com\/wp-content\/uploads\/2025\/07\/WhatsApp-Image-2025-07-01-at-09.49.11-1024x622.jpeg 1024w, https:\/\/birliktedirilishareketi.com\/wp-content\/uploads\/2025\/07\/WhatsApp-Image-2025-07-01-at-09.49.11-300x182.jpeg 300w, https:\/\/birliktedirilishareketi.com\/wp-content\/uploads\/2025\/07\/WhatsApp-Image-2025-07-01-at-09.49.11-768x467.jpeg 768w, https:\/\/birliktedirilishareketi.com\/wp-content\/uploads\/2025\/07\/WhatsApp-Image-2025-07-01-at-09.49.11-1536x933.jpeg 1536w, https:\/\/birliktedirilishareketi.com\/wp-content\/uploads\/2025\/07\/WhatsApp-Image-2025-07-01-at-09.49.11-2048x1244.jpeg 2048w, https:\/\/birliktedirilishareketi.com\/wp-content\/uploads\/2025\/07\/WhatsApp-Image-2025-07-01-at-09.49.11-1170x711.jpeg 1170w\" sizes=\"auto, (max-width: 1024px) 100vw, 1024px\" \/><\/figure><\/div>\n\n\n\n<p><\/p>\n","protected":false},"excerpt":{"rendered":"<p>Konya B\u00fcy\u00fck\u015feh\u0130r Beled\u0130yes\u0130 Ba\u015fkan\u0131 Z\u0130yaret\u0130 Konya B\u00fcy\u00fck\u015fehir Belediyesi Ba\u015fkan\u0131 Say\u0131n U\u011fur \u0130brahim ALTAY&#8217;\u0131 makam\u0131nda ziyaret ettik. Derne\u011fimizin faaliyetlerinden bahsettik g\u00fczel bir g\u00f6r\u00fc\u015fme oldu kendilerine misafirperverli\u011finden dolay\u0131 derne\u011fimiz te\u015fekk\u00fcr ediyoruz. Meram Beled\u0130ye Ba\u015fkan\u0131 z\u0130yaret\u0130 Meram Belediye Ba\u015fkan\u0131 Say\u0131n Mustafa KAVU\u015e&#8217;u &#8220;makam\u0131nda ziyaret ettik. derne\u011fimizin faaliyetlerini aktard\u0131k. Olduk\u00e7a verimli bir g\u00f6r\u00fc\u015fme oldu. Misafirperverliklerinden \u00f6t\u00fcr\u00fc kendilerine derne\u011fimiz ad\u0131na [&hellip;]<\/p>\n","protected":false},"author":1,"featured_media":0,"parent":0,"menu_order":0,"comment_status":"closed","ping_status":"closed","template":"","meta":{"footnotes":""},"class_list":["post-173","page","type-page","status-publish","hentry"],"_links":{"self":[{"href":"https:\/\/birliktedirilishareketi.com\/index.php\/wp-json\/wp\/v2\/pages\/173","targetHints":{"allow":["GET"]}}],"collection":[{"href":"https:\/\/birliktedirilishareketi.com\/index.php\/wp-json\/wp\/v2\/pages"}],"about":[{"href":"https:\/\/birliktedirilishareketi.com\/index.php\/wp-json\/wp\/v2\/types\/page"}],"author":[{"embeddable":true,"href":"https:\/\/birliktedirilishareketi.com\/index.php\/wp-json\/wp\/v2\/users\/1"}],"replies":[{"embeddable":true,"href":"https:\/\/birliktedirilishareketi.com\/index.php\/wp-json\/wp\/v2\/comments?post=173"}],"version-history":[{"count":9,"href":"https:\/\/birliktedirilishareketi.com\/index.php\/wp-json\/wp\/v2\/pages\/173\/revisions"}],"predecessor-version":[{"id":378,"href":"https:\/\/birliktedirilishareketi.com\/index.php\/wp-json\/wp\/v2\/pages\/173\/revisions\/378"}],"wp:attachment":[{"href":"https:\/\/birliktedirilishareketi.com\/index.php\/wp-json\/wp\/v2\/media?parent=173"}],"curies":[{"name":"wp","href":"https:\/\/api.w.org\/{rel}","templated":true}]}}