{"id":188,"date":"2025-05-22T15:01:30","date_gmt":"2025-05-22T12:01:30","guid":{"rendered":"https:\/\/birliktedirilishareketi.com\/?page_id=188"},"modified":"2025-06-02T22:35:35","modified_gmt":"2025-06-02T19:35:35","slug":"baskan","status":"publish","type":"page","link":"https:\/\/birliktedirilishareketi.com\/index.php\/baskan\/","title":{"rendered":"Ba\u015fkan"},"content":{"rendered":"\n<div class=\"wp-block-media-text is-stacked-on-mobile is-vertically-aligned-top\" style=\"grid-template-columns:46% auto\"><figure class=\"wp-block-media-text__media\"><img loading=\"lazy\" decoding=\"async\" width=\"622\" height=\"1024\" src=\"https:\/\/birliktedirilishareketi.com\/wp-content\/uploads\/2025\/06\/Seyfullah-Akyigit-622x1024.jpg\" alt=\"\" class=\"wp-image-317 size-full\" srcset=\"https:\/\/birliktedirilishareketi.com\/wp-content\/uploads\/2025\/06\/Seyfullah-Akyigit-622x1024.jpg 622w, https:\/\/birliktedirilishareketi.com\/wp-content\/uploads\/2025\/06\/Seyfullah-Akyigit-182x300.jpg 182w, https:\/\/birliktedirilishareketi.com\/wp-content\/uploads\/2025\/06\/Seyfullah-Akyigit.jpg 640w\" sizes=\"auto, (max-width: 622px) 100vw, 622px\" \/><\/figure><div class=\"wp-block-media-text__content\">\n<h5 class=\"wp-block-heading\"><strong>Seyfullah Akyi\u011fit<\/strong><\/h5>\n\n\n\n<p>Seyfullah Akyi\u011fit, 1987 y\u0131l\u0131nda Konya\u2019n\u0131n Bey\u015fehir il\u00e7esinde d\u00fcnyaya gelmi\u015ftir. \u0130lk\u00f6\u011frenimini Bey\u015fehir Ali R\u0131za Celepo\u011flu \u0130lk\u00f6\u011fretim Okulu\u2019nda, lise \u00f6\u011frenimini ise Bey\u015fehir \u0130mam Hatip Lisesi\u2019nde tamamlam\u0131\u015ft\u0131r. 2010 y\u0131l\u0131nda Anadolu \u00dcniversitesi \u0130lahiyat B\u00f6l\u00fcm\u00fc\u2019nden mezun olmu\u015ftur. Erenk\u00f6y Tahir B\u00fcy\u00fckk\u00f6r\u00fck\u00e7\u00fc Camiinde \u0130mam-Hatip olarak g\u00f6revine devam etmektedir.<\/p>\n\n\n\n<p>E\u011fitim hayat\u0131 boyunca ve sonras\u0131nda, sosyal sorumluluk bilinciyle \u00e7e\u015fitli g\u00f6n\u00fcll\u00fc faaliyetlerde yer alm\u0131\u015f; \u00f6zellikle gen\u00e7lik odakl\u0131 sivil toplum \u00e7al\u0131\u015fmalar\u0131nda aktif roller \u00fcstlenmi\u015ftir.<\/p>\n<\/div><\/div>\n\n\n\n<p> Bu s\u00fcre\u00e7te edindi\u011fi tecr\u00fcbeler, toplum yarar\u0131na y\u00fcr\u00fct\u00fclen faaliyetlerin daha sistemli ve s\u00fcrd\u00fcr\u00fclebilir olmas\u0131 ad\u0131na yeni ad\u0131mlar atmas\u0131na vesile olmu\u015ftur. Bu yakla\u015f\u0131mla, bir grup g\u00f6n\u00fcll\u00fc ile birlikte Birlikte Dirili\u015f Hareketi Derne\u011fi\u2019nin kurulmas\u0131na \u00f6nc\u00fcl\u00fck etmi\u015f ve derne\u011fin ba\u015fkanl\u0131k g\u00f6revini \u00fcstlenmi\u015ftir. Bug\u00fcn h\u00e2len bu g\u00f6revini s\u00fcrd\u00fcrmektedir. Dernek \u00e7at\u0131s\u0131 alt\u0131nda, ba\u015fta gen\u00e7lik olmak \u00fczere aile, birey ve toplum ekseninde manevi ve k\u00fclt\u00fcrel de\u011ferlerimizi esas alan \u00e7al\u0131\u015fmalar y\u00fcr\u00fct\u00fclmektedir. Ama\u00e7, iyili\u011fi yaymak, zararl\u0131 e\u011filimlerden uzak durmak ve topluma fayda sa\u011flayacak bir bilin\u00e7 olu\u015fturmakt\u0131r.<\/p>\n\n\n\n<p>Seyfullah Akyi\u011fit, g\u00f6rev s\u00fcresi boyunca yerel ve ulusal d\u00fczeyde bir\u00e7ok projeye katk\u0131 sunmu\u015f, g\u00f6n\u00fcll\u00fc ekiplerle birlikte \u00e7e\u015fitli sosyal ve k\u00fclt\u00fcrel faaliyetlerin i\u00e7erisinde bulunmu\u015ftur. \u0130leti\u015fim, organizasyon ve ekip y\u00f6netimi alanlar\u0131nda tecr\u00fcbelidir.<\/p>\n\n\n\n<p>Hayat\u0131n\u0131 inan\u00e7, samimiyet, sorumluluk ve hizmet gibi de\u011ferlere ba\u011fl\u0131 olarak s\u00fcrd\u00fcrmeye gayret etmektedir. G\u00f6rev ald\u0131\u011f\u0131 her alanda, insanl\u0131\u011fa faydal\u0131 olma \u00e7abas\u0131n\u0131 s\u00fcrd\u00fcrmektedir.<\/p>\n","protected":false},"excerpt":{"rendered":"<p>Seyfullah Akyi\u011fit Seyfullah Akyi\u011fit, 1987 y\u0131l\u0131nda Konya\u2019n\u0131n Bey\u015fehir il\u00e7esinde d\u00fcnyaya gelmi\u015ftir. \u0130lk\u00f6\u011frenimini Bey\u015fehir Ali R\u0131za Celepo\u011flu \u0130lk\u00f6\u011fretim Okulu\u2019nda, lise \u00f6\u011frenimini ise Bey\u015fehir \u0130mam Hatip Lisesi\u2019nde tamamlam\u0131\u015ft\u0131r. 2010 y\u0131l\u0131nda Anadolu \u00dcniversitesi \u0130lahiyat B\u00f6l\u00fcm\u00fc\u2019nden mezun olmu\u015ftur. Erenk\u00f6y Tahir B\u00fcy\u00fckk\u00f6r\u00fck\u00e7\u00fc Camiinde \u0130mam-Hatip olarak g\u00f6revine devam etmektedir. E\u011fitim hayat\u0131 boyunca ve sonras\u0131nda, sosyal sorumluluk bilinciyle \u00e7e\u015fitli g\u00f6n\u00fcll\u00fc faaliyetlerde yer [&hellip;]<\/p>\n","protected":false},"author":1,"featured_media":232,"parent":0,"menu_order":0,"comment_status":"closed","ping_status":"closed","template":"","meta":{"footnotes":""},"class_list":["post-188","page","type-page","status-publish","has-post-thumbnail","hentry"],"_links":{"self":[{"href":"https:\/\/birliktedirilishareketi.com\/index.php\/wp-json\/wp\/v2\/pages\/188","targetHints":{"allow":["GET"]}}],"collection":[{"href":"https:\/\/birliktedirilishareketi.com\/index.php\/wp-json\/wp\/v2\/pages"}],"about":[{"href":"https:\/\/birliktedirilishareketi.com\/index.php\/wp-json\/wp\/v2\/types\/page"}],"author":[{"embeddable":true,"href":"https:\/\/birliktedirilishareketi.com\/index.php\/wp-json\/wp\/v2\/users\/1"}],"replies":[{"embeddable":true,"href":"https:\/\/birliktedirilishareketi.com\/index.php\/wp-json\/wp\/v2\/comments?post=188"}],"version-history":[{"count":3,"href":"https:\/\/birliktedirilishareketi.com\/index.php\/wp-json\/wp\/v2\/pages\/188\/revisions"}],"predecessor-version":[{"id":318,"href":"https:\/\/birliktedirilishareketi.com\/index.php\/wp-json\/wp\/v2\/pages\/188\/revisions\/318"}],"wp:featuredmedia":[{"embeddable":true,"href":"https:\/\/birliktedirilishareketi.com\/index.php\/wp-json\/wp\/v2\/media\/232"}],"wp:attachment":[{"href":"https:\/\/birliktedirilishareketi.com\/index.php\/wp-json\/wp\/v2\/media?parent=188"}],"curies":[{"name":"wp","href":"https:\/\/api.w.org\/{rel}","templated":true}]}}