{"id":192,"date":"2025-05-22T15:03:26","date_gmt":"2025-05-22T12:03:26","guid":{"rendered":"https:\/\/birliktedirilishareketi.com\/?page_id=192"},"modified":"2025-05-22T23:41:09","modified_gmt":"2025-05-22T20:41:09","slug":"hesap-numaralarimiz","status":"publish","type":"page","link":"https:\/\/birliktedirilishareketi.com\/index.php\/hesap-numaralarimiz\/","title":{"rendered":"Hesap Numaralar\u0131m\u0131z"},"content":{"rendered":"\n<p class=\"has-text-align-center has-medium-font-size\"><strong>TR36 0020 9000 0191 2722 0000 01<\/strong><\/p>\n\n\n\n<p class=\"has-text-align-center has-lead-font-size\"><strong>Birlikte Dirili\u015f E\u011fitim \u0130lim K\u00fclt\u00fcr Yard\u0131mla\u015fma Ve Dayan\u0131\u015fma Derne\u011fi<\/strong><\/p>\n","protected":false},"excerpt":{"rendered":"<p>TR36 0020 9000 0191 2722 0000 01 Birlikte Dirili\u015f E\u011fitim \u0130lim K\u00fclt\u00fcr Yard\u0131mla\u015fma Ve Dayan\u0131\u015fma Derne\u011fi<\/p>\n","protected":false},"author":1,"featured_media":227,"parent":0,"menu_order":0,"comment_status":"closed","ping_status":"closed","template":"","meta":{"footnotes":""},"class_list":["post-192","page","type-page","status-publish","has-post-thumbnail","hentry"],"_links":{"self":[{"href":"https:\/\/birliktedirilishareketi.com\/index.php\/wp-json\/wp\/v2\/pages\/192","targetHints":{"allow":["GET"]}}],"collection":[{"href":"https:\/\/birliktedirilishareketi.com\/index.php\/wp-json\/wp\/v2\/pages"}],"about":[{"href":"https:\/\/birliktedirilishareketi.com\/index.php\/wp-json\/wp\/v2\/types\/page"}],"author":[{"embeddable":true,"href":"https:\/\/birliktedirilishareketi.com\/index.php\/wp-json\/wp\/v2\/users\/1"}],"replies":[{"embeddable":true,"href":"https:\/\/birliktedirilishareketi.com\/index.php\/wp-json\/wp\/v2\/comments?post=192"}],"version-history":[{"count":2,"href":"https:\/\/birliktedirilishareketi.com\/index.php\/wp-json\/wp\/v2\/pages\/192\/revisions"}],"predecessor-version":[{"id":226,"href":"https:\/\/birliktedirilishareketi.com\/index.php\/wp-json\/wp\/v2\/pages\/192\/revisions\/226"}],"wp:featuredmedia":[{"embeddable":true,"href":"https:\/\/birliktedirilishareketi.com\/index.php\/wp-json\/wp\/v2\/media\/227"}],"wp:attachment":[{"href":"https:\/\/birliktedirilishareketi.com\/index.php\/wp-json\/wp\/v2\/media?parent=192"}],"curies":[{"name":"wp","href":"https:\/\/api.w.org\/{rel}","templated":true}]}}