{"id":2,"date":"2025-05-14T12:44:45","date_gmt":"2025-05-14T12:44:45","guid":{"rendered":"https:\/\/birliktedirilishareketi.com\/?page_id=2"},"modified":"2025-05-28T12:24:44","modified_gmt":"2025-05-28T09:24:44","slug":"misyonumuz","status":"publish","type":"page","link":"https:\/\/birliktedirilishareketi.com\/index.php\/misyonumuz\/","title":{"rendered":"Gayemiz"},"content":{"rendered":"\n<h2 class=\"wp-block-heading has-text-align-center\">Gayemiz<\/h2>\n\n\n\n<p>Birlikte Dirili\u015f Hareketi olarak misyonumuz, \u0130slam\u2019\u0131n \u00f6\u011fretilerini hayat\u0131m\u0131za ge\u00e7irerek, \u00fcmmetin dirili\u015fi ve kalk\u0131nmas\u0131 i\u00e7in \u00e7al\u0131\u015fmakt\u0131r. Bu do\u011frultuda, her bireyi \u0130slami ilimlerle donatmak, toplumsal sorumluluk bilinciyle hareket etmelerini sa\u011flamak, adalet ve hakka dayal\u0131 bir toplum in\u015fa etmeye katk\u0131da bulunmakt\u0131r.<\/p>\n\n\n\n<p><\/p>\n","protected":false},"excerpt":{"rendered":"<p>Gayemiz Birlikte Dirili\u015f Hareketi olarak misyonumuz, \u0130slam\u2019\u0131n \u00f6\u011fretilerini hayat\u0131m\u0131za ge\u00e7irerek, \u00fcmmetin dirili\u015fi ve kalk\u0131nmas\u0131 i\u00e7in \u00e7al\u0131\u015fmakt\u0131r. Bu do\u011frultuda, her bireyi \u0130slami ilimlerle donatmak, toplumsal sorumluluk bilinciyle hareket etmelerini sa\u011flamak, adalet ve hakka dayal\u0131 bir toplum in\u015fa etmeye katk\u0131da bulunmakt\u0131r.<\/p>\n","protected":false},"author":1,"featured_media":234,"parent":0,"menu_order":0,"comment_status":"closed","ping_status":"closed","template":"page-container-wide","meta":{"footnotes":""},"class_list":["post-2","page","type-page","status-publish","has-post-thumbnail","hentry"],"_links":{"self":[{"href":"https:\/\/birliktedirilishareketi.com\/index.php\/wp-json\/wp\/v2\/pages\/2","targetHints":{"allow":["GET"]}}],"collection":[{"href":"https:\/\/birliktedirilishareketi.com\/index.php\/wp-json\/wp\/v2\/pages"}],"about":[{"href":"https:\/\/birliktedirilishareketi.com\/index.php\/wp-json\/wp\/v2\/types\/page"}],"author":[{"embeddable":true,"href":"https:\/\/birliktedirilishareketi.com\/index.php\/wp-json\/wp\/v2\/users\/1"}],"replies":[{"embeddable":true,"href":"https:\/\/birliktedirilishareketi.com\/index.php\/wp-json\/wp\/v2\/comments?post=2"}],"version-history":[{"count":4,"href":"https:\/\/birliktedirilishareketi.com\/index.php\/wp-json\/wp\/v2\/pages\/2\/revisions"}],"predecessor-version":[{"id":296,"href":"https:\/\/birliktedirilishareketi.com\/index.php\/wp-json\/wp\/v2\/pages\/2\/revisions\/296"}],"wp:featuredmedia":[{"embeddable":true,"href":"https:\/\/birliktedirilishareketi.com\/index.php\/wp-json\/wp\/v2\/media\/234"}],"wp:attachment":[{"href":"https:\/\/birliktedirilishareketi.com\/index.php\/wp-json\/wp\/v2\/media?parent=2"}],"curies":[{"name":"wp","href":"https:\/\/api.w.org\/{rel}","templated":true}]}}