{"id":259,"date":"2025-05-27T15:44:34","date_gmt":"2025-05-27T12:44:34","guid":{"rendered":"https:\/\/birliktedirilishareketi.com\/?page_id=259"},"modified":"2025-07-03T11:24:01","modified_gmt":"2025-07-03T08:24:01","slug":"hocalarimiz","status":"publish","type":"page","link":"https:\/\/birliktedirilishareketi.com\/index.php\/hocalarimiz\/","title":{"rendered":"Dan\u0131\u015fma Kurulumuz"},"content":{"rendered":"\n<div class=\"wp-block-group is-layout-constrained wp-block-group-is-layout-constrained\">\n<div class=\"wp-block-group is-layout-grid wp-container-core-group-is-layout-988b637e wp-block-group-is-layout-grid\">\n<figure class=\"wp-block-image size-large wp-container-content-2155ee95\"><img loading=\"lazy\" decoding=\"async\" width=\"1024\" height=\"858\" src=\"https:\/\/birliktedirilishareketi.com\/wp-content\/uploads\/2025\/05\/Abdurrahman-Hoca-1024x858.png\" alt=\"\" class=\"wp-image-267\" srcset=\"https:\/\/birliktedirilishareketi.com\/wp-content\/uploads\/2025\/05\/Abdurrahman-Hoca-1024x858.png 1024w, https:\/\/birliktedirilishareketi.com\/wp-content\/uploads\/2025\/05\/Abdurrahman-Hoca-300x251.png 300w, https:\/\/birliktedirilishareketi.com\/wp-content\/uploads\/2025\/05\/Abdurrahman-Hoca-768x644.png 768w, https:\/\/birliktedirilishareketi.com\/wp-content\/uploads\/2025\/05\/Abdurrahman-Hoca-1170x981.png 1170w, https:\/\/birliktedirilishareketi.com\/wp-content\/uploads\/2025\/05\/Abdurrahman-Hoca.png 1410w\" sizes=\"auto, (max-width: 1024px) 100vw, 1024px\" \/><figcaption class=\"wp-element-caption\"><strong>DR. Abdurrahman B\u00fcy\u00fckk\u00f6r\u00fck\u00e7\u00fc<\/strong><\/figcaption><\/figure>\n\n\n\n<figure class=\"wp-block-image size-full\"><img loading=\"lazy\" decoding=\"async\" width=\"940\" height=\"788\" src=\"https:\/\/birliktedirilishareketi.com\/wp-content\/uploads\/2025\/06\/Salih-Ekinci.png\" alt=\"\" class=\"wp-image-340\" srcset=\"https:\/\/birliktedirilishareketi.com\/wp-content\/uploads\/2025\/06\/Salih-Ekinci.png 940w, https:\/\/birliktedirilishareketi.com\/wp-content\/uploads\/2025\/06\/Salih-Ekinci-300x251.png 300w, https:\/\/birliktedirilishareketi.com\/wp-content\/uploads\/2025\/06\/Salih-Ekinci-768x644.png 768w\" sizes=\"auto, (max-width: 940px) 100vw, 940px\" \/><figcaption class=\"wp-element-caption\"><strong>Muhammed Salih Ekinci<\/strong><\/figcaption><\/figure>\n\n\n\n<figure class=\"wp-block-image size-large\"><img loading=\"lazy\" decoding=\"async\" width=\"1024\" height=\"858\" src=\"https:\/\/birliktedirilishareketi.com\/wp-content\/uploads\/2025\/05\/Orhan-Ceker-Hoca-1024x858.png\" alt=\"\" class=\"wp-image-268\" srcset=\"https:\/\/birliktedirilishareketi.com\/wp-content\/uploads\/2025\/05\/Orhan-Ceker-Hoca-1024x858.png 1024w, https:\/\/birliktedirilishareketi.com\/wp-content\/uploads\/2025\/05\/Orhan-Ceker-Hoca-300x251.png 300w, https:\/\/birliktedirilishareketi.com\/wp-content\/uploads\/2025\/05\/Orhan-Ceker-Hoca-768x644.png 768w, https:\/\/birliktedirilishareketi.com\/wp-content\/uploads\/2025\/05\/Orhan-Ceker-Hoca-1170x981.png 1170w, https:\/\/birliktedirilishareketi.com\/wp-content\/uploads\/2025\/05\/Orhan-Ceker-Hoca.png 1410w\" sizes=\"auto, (max-width: 1024px) 100vw, 1024px\" \/><figcaption class=\"wp-element-caption\"><strong>PROF. DR. Orhan \u00c7eker<\/strong><\/figcaption><\/figure>\n<\/div>\n<\/div>\n\n\n\n<div class=\"wp-block-group is-layout-grid wp-container-core-group-is-layout-478b6e6b wp-block-group-is-layout-grid\">\n<figure class=\"wp-block-image size-large\"><img loading=\"lazy\" decoding=\"async\" width=\"1024\" height=\"858\" src=\"https:\/\/birliktedirilishareketi.com\/wp-content\/uploads\/2025\/05\/Ali-Hoca-1024x858.png\" alt=\"\" class=\"wp-image-269\" srcset=\"https:\/\/birliktedirilishareketi.com\/wp-content\/uploads\/2025\/05\/Ali-Hoca-1024x858.png 1024w, https:\/\/birliktedirilishareketi.com\/wp-content\/uploads\/2025\/05\/Ali-Hoca-300x251.png 300w, https:\/\/birliktedirilishareketi.com\/wp-content\/uploads\/2025\/05\/Ali-Hoca-768x644.png 768w, https:\/\/birliktedirilishareketi.com\/wp-content\/uploads\/2025\/05\/Ali-Hoca-1170x981.png 1170w, https:\/\/birliktedirilishareketi.com\/wp-content\/uploads\/2025\/05\/Ali-Hoca.png 1410w\" sizes=\"auto, (max-width: 1024px) 100vw, 1024px\" \/><figcaption class=\"wp-element-caption\"><strong>PROF. DR. Ali Akp\u0131nar<\/strong><\/figcaption><\/figure>\n\n\n\n<figure class=\"wp-block-image size-full\"><img loading=\"lazy\" decoding=\"async\" width=\"940\" height=\"788\" src=\"https:\/\/birliktedirilishareketi.com\/wp-content\/uploads\/2025\/06\/Muhammet-Uguz.png\" alt=\"\" class=\"wp-image-342\" srcset=\"https:\/\/birliktedirilishareketi.com\/wp-content\/uploads\/2025\/06\/Muhammet-Uguz.png 940w, https:\/\/birliktedirilishareketi.com\/wp-content\/uploads\/2025\/06\/Muhammet-Uguz-300x251.png 300w, https:\/\/birliktedirilishareketi.com\/wp-content\/uploads\/2025\/06\/Muhammet-Uguz-768x644.png 768w\" sizes=\"auto, (max-width: 940px) 100vw, 940px\" \/><figcaption class=\"wp-element-caption\"><strong>Muhammet U\u011fuz<\/strong><\/figcaption><\/figure>\n\n\n\n<figure class=\"wp-block-image size-large\"><img loading=\"lazy\" decoding=\"async\" width=\"1024\" height=\"858\" src=\"https:\/\/birliktedirilishareketi.com\/wp-content\/uploads\/2025\/06\/Salih-Oral-1024x858.png\" alt=\"\" class=\"wp-image-339\" srcset=\"https:\/\/birliktedirilishareketi.com\/wp-content\/uploads\/2025\/06\/Salih-Oral-1024x858.png 1024w, https:\/\/birliktedirilishareketi.com\/wp-content\/uploads\/2025\/06\/Salih-Oral-300x251.png 300w, https:\/\/birliktedirilishareketi.com\/wp-content\/uploads\/2025\/06\/Salih-Oral-768x644.png 768w, https:\/\/birliktedirilishareketi.com\/wp-content\/uploads\/2025\/06\/Salih-Oral-1170x981.png 1170w, https:\/\/birliktedirilishareketi.com\/wp-content\/uploads\/2025\/06\/Salih-Oral.png 1410w\" sizes=\"auto, (max-width: 1024px) 100vw, 1024px\" \/><figcaption class=\"wp-element-caption\"><strong>Rifat Oral<\/strong><\/figcaption><\/figure>\n<\/div>\n","protected":false},"excerpt":{"rendered":"","protected":false},"author":1,"featured_media":0,"parent":0,"menu_order":0,"comment_status":"closed","ping_status":"closed","template":"","meta":{"footnotes":""},"class_list":["post-259","page","type-page","status-publish","hentry"],"_links":{"self":[{"href":"https:\/\/birliktedirilishareketi.com\/index.php\/wp-json\/wp\/v2\/pages\/259","targetHints":{"allow":["GET"]}}],"collection":[{"href":"https:\/\/birliktedirilishareketi.com\/index.php\/wp-json\/wp\/v2\/pages"}],"about":[{"href":"https:\/\/birliktedirilishareketi.com\/index.php\/wp-json\/wp\/v2\/types\/page"}],"author":[{"embeddable":true,"href":"https:\/\/birliktedirilishareketi.com\/index.php\/wp-json\/wp\/v2\/users\/1"}],"replies":[{"embeddable":true,"href":"https:\/\/birliktedirilishareketi.com\/index.php\/wp-json\/wp\/v2\/comments?post=259"}],"version-history":[{"count":11,"href":"https:\/\/birliktedirilishareketi.com\/index.php\/wp-json\/wp\/v2\/pages\/259\/revisions"}],"predecessor-version":[{"id":358,"href":"https:\/\/birliktedirilishareketi.com\/index.php\/wp-json\/wp\/v2\/pages\/259\/revisions\/358"}],"wp:attachment":[{"href":"https:\/\/birliktedirilishareketi.com\/index.php\/wp-json\/wp\/v2\/media?parent=259"}],"curies":[{"name":"wp","href":"https:\/\/api.w.org\/{rel}","templated":true}]}}