{"id":402,"date":"2025-08-12T13:42:36","date_gmt":"2025-08-12T10:42:36","guid":{"rendered":"https:\/\/birliktedirilishareketi.com\/?page_id=402"},"modified":"2025-08-27T14:39:22","modified_gmt":"2025-08-27T11:39:22","slug":"temel-prensiplerimiz","status":"publish","type":"page","link":"https:\/\/birliktedirilishareketi.com\/index.php\/temel-prensiplerimiz\/","title":{"rendered":"Temel Prensiplerimiz"},"content":{"rendered":"\n<p class=\"has-text-align-center has-medium-large-font-size\"><strong> B\u0130RL\u0130KTE D\u0130R\u0130L\u0130\u015e HAREKET\u0130<\/strong><\/p>\n\n\n\n<p class=\"has-text-align-center has-medium-font-size\"><strong>Temel Prensiplerimiz<\/strong><\/p>\n\n\n\n<p class=\"has-text-align-center has-primary-color has-text-color has-link-color wp-elements-c078dcd9e03e72908f03733ef95b43b4\"><strong>Giri\u015f<\/strong><strong><\/strong><\/p>\n\n\n\n<p>Bu metin, \u0130MAR Platformu\u2019nun \u00e7al\u0131\u015fmalar\u0131n\u0131 \u00fczerine in\u015fa etti\u011fi temel de\u011fer ve prensipleri ifade eden; t\u00fcm mensup ve g\u00f6n\u00fclda\u015flar\u0131m\u0131z\u0131 ayn\u0131 idealde birle\u015ftiren bir vizyon belgesidir.<\/p>\n\n\n\n<p><strong>1. Karar S\u00fcre\u00e7leri ve \u0130sti\u015fare Mekanizmas\u0131<\/strong><\/p>\n\n\n\n<p>1.1. T\u00fcm kararlar\u0131m\u0131z\u0131 isti\u015fare ile al\u0131r\u0131z. \u0130sti\u015fare mekanizmas\u0131 kapsam\u0131nda en keskin tart\u0131\u015fmalar\u0131n dahi yap\u0131lmas\u0131ndan rahats\u0131zl\u0131k duymay\u0131z.<\/p>\n\n\n\n<p>1.2. \u0130sti\u015fare ile al\u0131nm\u0131\u015f kararlara veya te\u015fkilat hiyerar\u015fisi gere\u011fi ba\u015fkanlar\u0131m\u0131z\u0131n ald\u0131\u011f\u0131 kararlara uymakla m\u00fckellef oldu\u011fumuzun bilincinde hareket ederiz.<\/p>\n\n\n\n<p>1.3. Verilen g\u00f6revleri \u2018hemen, \u015fimdi, derhal\u2019 ilkesi do\u011frultusunda, en k\u0131sa s\u00fcrede ve en y\u00fcksek gayretle yerine getiririz.<\/p>\n\n\n\n<p><strong>2. Hukuka Riayet<\/strong><\/p>\n\n\n\n<p>2.1. T\u00fcm karar ve faaliyetlerimizde hukuk kurallar\u0131 \u00e7er\u00e7evesinde hareket eder, hukukun \u00fcst\u00fcnl\u00fc\u011f\u00fcne inan\u0131r ve bunu korur, fiili durum ile hukuki durumun uyumlu olmas\u0131n\u0131 sa\u011flar\u0131z.<\/p>\n\n\n\n<p><strong>3. Ehliyet ve Liyakat<\/strong><\/p>\n\n\n\n<p>3.1. Liyakati \u00f6nemseriz. Her i\u015fi formasyonu ve mizac\u0131 o i\u015fe en yatk\u0131n ki\u015fiye tevdi etmeye \u00f6zen g\u00f6steririz.<\/p>\n\n\n\n<p><strong>4. \u00dcyelik, Aidat ve Toplant\u0131<\/strong><\/p>\n\n\n\n<p>4.1. Niceli\u011fi de\u011fil niteli\u011fi \u00f6n planda tutar\u0131z.<\/p>\n\n\n\n<p>4.2. Bireysel ibadetlerimizde oldu\u011fu gibi te\u015fkilat \u00e7al\u0131\u015fmalar\u0131m\u0131zda da \u201caz da olsa s\u00fcrekli olma\u201d prensibine uygun hareket ederiz.<\/p>\n\n\n\n<p>4.3. Aidat \u00f6demek ve toplant\u0131ya kat\u0131lmak iki temel k\u0131rm\u0131z\u0131 \u00e7izgimizdir. Bu iki hususta zafiyet g\u00f6steren karde\u015flerimize bu bilinci kazanana kadar g\u00f6rev vermeyiz.<\/p>\n\n\n\n<p>4.4. Her g\u00fcn, imk\u00e2nlar\u0131m\u0131z \u00f6l\u00e7\u00fcs\u00fcnde te\u015fkilat \u00e7al\u0131\u015fmalar\u0131na d\u00fczenli vakit ay\u0131rmay\u0131 ilke ediniriz.<\/p>\n\n\n\n<p><strong>5. Han\u0131m \u00c7al\u0131\u015fmalar\u0131 ve Aile<\/strong><\/p>\n\n\n\n<p>5.1. Te\u015fkilat i\u015fleriyle u\u011fra\u015f\u0131rken ailemize kar\u015f\u0131 sorumluluklar\u0131m\u0131z\u0131 ihmal etmemeye ve yeterli vakti ay\u0131rmaya \u00f6zen g\u00f6steririz.<\/p>\n\n\n\n<p>5.2. \u00c7al\u0131\u015fmalar\u0131m\u0131zda mahremiyet esaslar\u0131na riayet eder, faaliyetlerimizi bu \u00e7er\u00e7evede y\u00fcr\u00fct\u00fcr\u00fcz.<\/p>\n\n\n\n<p><strong>6. Zaman Y\u00f6netimi<\/strong><\/p>\n\n\n\n<p>6.1. Vakte riayet hususunda hassasiyet g\u00f6steririz. Toplant\u0131 ve faaliyetlerimizi tam vaktinde ba\u015flatmaya ve bitirmeye \u00f6zen g\u00f6steririz.<\/p>\n\n\n\n<p>6.2. Te\u015fkilat i\u015flerini planlarken namaz vakitlerini esas al\u0131r\u0131z.<\/p>\n\n\n\n<p><strong>7. Manevi ve Ahlaki Geli\u015fim<\/strong><\/p>\n\n\n\n<p>7.1. Be\u015f vakit namaz\u0131n edas\u0131na azami \u00f6nem verir, \u00f6zellikle sabah ve yats\u0131 namazlar\u0131n\u0131 cemaatle k\u0131lmaya \u00f6zen g\u00f6steririz. Y\u00f6netimlerimizde yer alan t\u00fcm karde\u015flerimizin cemaate devam kapsam\u0131nda kademeli olarak \u201c40 Sabah\u201d; \u201c40 Sabah 40 Yats\u0131\u201d ve \u201c40 G\u00fcn 5 Vakit\u201d programlar\u0131n\u0131 tamamlamas\u0131n\u0131 \u00f6nemle takip ederiz.<\/p>\n\n\n\n<p>7.2. T\u00fcm mensuplar\u0131m\u0131z\u0131n, g\u00fcnl\u00fck 1 sayfa Kur\u2019an-\u0131 Kerim ve meali ile 3 Hadis-i \u015eerif okumas\u0131na \u00f6nem veririz.<\/p>\n\n\n\n<p>7.3. E\u011fitim Komisyonumuz taraf\u0131ndan haz\u0131rlanan KEP\u2019i (Kademeli E\u011fitim Program\u0131) te\u015fkilat mensuplar\u0131m\u0131zla birlikte uygular\u0131z.<\/p>\n\n\n\n<p><strong>8. \u0130lmi-Akademik \u00c7al\u0131\u015fmalar<\/strong><\/p>\n\n\n\n<p>8.1. \u0130nanc\u0131m\u0131z\u0131n ilme verdi\u011fi \u00f6nem ve de\u011ferin gere\u011fi olarak gerek \u00e7al\u0131\u015fan gerekse \u00f6\u011frencilik d\u00f6neminde olan her bir mensubumuzun akademik kariyer hedefi belirlemesini arzu eder, belirlenen hedefler \u00e7er\u00e7evesinde yap\u0131lmas\u0131 gereken \u00e7al\u0131\u015fmalar\u0131 \u00f6zel olarak takip ederiz.<\/p>\n\n\n\n<p>8.2. Her bir mensubumuzun gerek akademik gerekse mesleki y\u00f6nden geli\u015fimine katk\u0131 sa\u011flamak maksad\u0131yla yurt d\u0131\u015f\u0131 tecr\u00fcbesi edinmesi i\u00e7in gerekli planlama ve organizasyonu sa\u011flar\u0131z.<\/p>\n\n\n\n<p><strong>9. Mesleki Donan\u0131m<\/strong><\/p>\n\n\n\n<p>9.1. Mensup ve g\u00f6n\u00fclda\u015flar\u0131m\u0131z\u0131n mesleklerini en iyi yapan, meslekleri konusunda idealist yap\u0131ya sahip olan, mesleki anlamda s\u00fcrekli kendini geli\u015ftirme gayreti i\u00e7erisinde olan ve alan\u0131nda katma de\u011fer \u00fcreten insanlar olmas\u0131n\u0131 bekleriz.<\/p>\n\n\n\n<p>9.2. Mesaiye riayet, helalinden kazan\u00e7, i\u015f arkada\u015flar\u0131yla uyum gibi temel konularda azami derecede hassasiyet g\u00f6steririz.<\/p>\n\n\n\n<p><strong>10. Siyasete Bak\u0131\u015f<\/strong><\/p>\n\n\n\n<p>10.1. Siyasi meselelere duyarl\u0131 ancak politik kavgalara uzak bir anlay\u0131\u015fla hareket ederiz.<\/p>\n\n\n\n<p>10.2. Ahlaki ve manevi de\u011ferlerimize ayk\u0131r\u0131 olmad\u0131\u011f\u0131 s\u00fcrece, farkl\u0131 fikir ve yakla\u015f\u0131mlar\u0131 bir zenginlik olarak g\u00f6r\u00fcr, ayr\u0131\u015fma de\u011fil kayna\u015fma vesilesi sayar\u0131z.<\/p>\n\n\n\n<p><strong>11. \u0130slam Birli\u011fi Mefk\u00fbresi<\/strong><\/p>\n\n\n\n<p>11.1. \u0130slam Birli\u011fi mefk\u00fbresine inan\u0131r\u0131z. Bunun ise \u00f6ncelikle \u00fclkemiz M\u00fcsl\u00fcmanlar\u0131n\u0131n birli\u011finden ge\u00e7ti\u011fini biliriz.<\/p>\n\n\n\n<p>11.2. Bu do\u011frultuda Allah r\u0131zas\u0131 i\u00e7in \u00e7al\u0131\u015fan t\u00fcm STK ve olu\u015fumlar\u0131 rakip de\u011fil karde\u015f g\u00f6rerek nezaket ve dayan\u0131\u015fma \u00e7er\u00e7evesinde her biriyle m\u00fcnasebet kurmay\u0131, belirli konularda s\u00f6ylem ve eylem birli\u011fi i\u00e7erisinde olmay\u0131 elzem g\u00f6r\u00fcr\u00fcz.<\/p>\n\n\n\n<p><strong>12. Be\u015feri M\u00fcnasebetler<\/strong><\/p>\n\n\n\n<p>12.1. \u201cAran\u0131zda selam\u0131 yay\u0131n\u0131z\u201d emri do\u011frultusunda, hangi g\u00f6r\u00fc\u015f ve d\u00fc\u015f\u00fcnceye mensup olursa olsun, insana de\u011fer verir; herkesle selamla\u015f\u0131r ve g\u00fc\u00e7l\u00fc ili\u015fkiler kurmaya gayret ederiz.<\/p>\n\n\n\n<p>12.2. \u0130nanc\u0131m\u0131za ve de\u011ferlerimize d\u00fc\u015fmanl\u0131k g\u00f6steren fertlere ve gruplara de\u011fil fikirlerine kar\u015f\u0131 \u00e7\u0131kar\u0131z. \u015eah\u0131slar aleyhinde konu\u015fmay\u0131z.<\/p>\n\n\n\n<p>12.3. Daha \u00f6nce birlikte \u00e7al\u0131\u015ft\u0131\u011f\u0131m\u0131z ancak \u00e7e\u015fitli nedenlerle farkl\u0131 d\u00fc\u015f\u00fcnd\u00fckleri i\u00e7in bizimle beraberli\u011fi devam etmeyen ki\u015filere husumet duymay\u0131z.<\/p>\n\n\n\n<p>12.4. Her i\u015fte orta yol ve itidalle hareket etmeye gayret ederiz. A\u015f\u0131r\u0131l\u0131klara (ifrat ve tefrit) kar\u015f\u0131 her zaman aram\u0131za mesafe koyar\u0131z.<\/p>\n\n\n\n<p><strong>13.Sosyal Medya ve Dijital Platformlar<\/strong><\/p>\n\n\n\n<p>13.1. Ger\u00e7ek d\u00fcnyadaki ahlaki prensiplerin sanal d\u00fcnya i\u00e7in de ayn\u0131 \u00f6l\u00e7\u00fcde ge\u00e7erli oldu\u011funun bilincinde hareket ederiz.<\/p>\n\n\n\n<p>13.2. Payla\u015f\u0131mlar\u0131m\u0131zda \u00f6zel hayat\u0131n ve aile mahremiyetinin gerektirdi\u011fi \u00f6zeni g\u00f6steririz.<\/p>\n\n\n\n<p>13.3. \u015eahs\u0131m\u0131z \u00fczerinden camiam\u0131z\u0131 hedef haline getirecek a\u00e7\u0131klamalar ve payla\u015f\u0131mlardan ka\u00e7\u0131n\u0131r\u0131z.<\/p>\n\n\n\n<p><strong>14.Akraba ve Kom\u015fuluk Hukuku<\/strong><\/p>\n\n\n\n<p>14.1. Akraba ve kom\u015fuluk hukukuna \u00f6nem veririz. Yak\u0131n\u0131m\u0131zdakilerin bizden raz\u0131 olmad\u0131\u011f\u0131 bir ortamda s\u00f6z\u00fcm\u00fcz\u00fcn uzaktakilerde de kar\u015f\u0131l\u0131\u011f\u0131n\u0131n olmayaca\u011f\u0131n\u0131 biliriz.<\/p>\n\n\n\n<p><strong>15. \u00c7al\u0131\u015fanlar\u0131m\u0131z\u0131n ve S\u00f6zle\u015fme \u0130li\u015fkisi Kurdu\u011fumuz \u015eah\u0131slar\u0131n Haklar\u0131<\/strong><\/p>\n\n\n\n<p>15.1. \u00c7al\u0131\u015fan personelimizin haklar\u0131n\u0131 g\u00f6zetir, yasalardan ve s\u00f6zle\u015fmeden do\u011fan haklar\u0131n\u0131 tam ve eksiksiz olarak yerine getiririz.<\/p>\n\n\n\n<p>15.2. Ticari ili\u015fkilerimizde d\u00fcr\u00fcstl\u00fck ve vefa ilkesiyle hareket eder; verdi\u011fimiz t\u00fcm taahh\u00fctleri eksiksiz ve zaman\u0131nda yerine getiririz.<\/p>\n","protected":false},"excerpt":{"rendered":"<p>B\u0130RL\u0130KTE D\u0130R\u0130L\u0130\u015e HAREKET\u0130 Temel Prensiplerimiz Giri\u015f Bu metin, \u0130MAR Platformu\u2019nun \u00e7al\u0131\u015fmalar\u0131n\u0131 \u00fczerine in\u015fa etti\u011fi temel de\u011fer ve prensipleri ifade eden; t\u00fcm mensup ve g\u00f6n\u00fclda\u015flar\u0131m\u0131z\u0131 ayn\u0131 idealde birle\u015ftiren bir vizyon belgesidir. 1. Karar S\u00fcre\u00e7leri ve \u0130sti\u015fare Mekanizmas\u0131 1.1. T\u00fcm kararlar\u0131m\u0131z\u0131 isti\u015fare ile al\u0131r\u0131z. \u0130sti\u015fare mekanizmas\u0131 kapsam\u0131nda en keskin tart\u0131\u015fmalar\u0131n dahi yap\u0131lmas\u0131ndan rahats\u0131zl\u0131k duymay\u0131z. 1.2. \u0130sti\u015fare ile [&hellip;]<\/p>\n","protected":false},"author":1,"featured_media":234,"parent":0,"menu_order":0,"comment_status":"closed","ping_status":"closed","template":"","meta":{"footnotes":""},"class_list":["post-402","page","type-page","status-publish","has-post-thumbnail","hentry"],"_links":{"self":[{"href":"https:\/\/birliktedirilishareketi.com\/index.php\/wp-json\/wp\/v2\/pages\/402","targetHints":{"allow":["GET"]}}],"collection":[{"href":"https:\/\/birliktedirilishareketi.com\/index.php\/wp-json\/wp\/v2\/pages"}],"about":[{"href":"https:\/\/birliktedirilishareketi.com\/index.php\/wp-json\/wp\/v2\/types\/page"}],"author":[{"embeddable":true,"href":"https:\/\/birliktedirilishareketi.com\/index.php\/wp-json\/wp\/v2\/users\/1"}],"replies":[{"embeddable":true,"href":"https:\/\/birliktedirilishareketi.com\/index.php\/wp-json\/wp\/v2\/comments?post=402"}],"version-history":[{"count":4,"href":"https:\/\/birliktedirilishareketi.com\/index.php\/wp-json\/wp\/v2\/pages\/402\/revisions"}],"predecessor-version":[{"id":501,"href":"https:\/\/birliktedirilishareketi.com\/index.php\/wp-json\/wp\/v2\/pages\/402\/revisions\/501"}],"wp:featuredmedia":[{"embeddable":true,"href":"https:\/\/birliktedirilishareketi.com\/index.php\/wp-json\/wp\/v2\/media\/234"}],"wp:attachment":[{"href":"https:\/\/birliktedirilishareketi.com\/index.php\/wp-json\/wp\/v2\/media?parent=402"}],"curies":[{"name":"wp","href":"https:\/\/api.w.org\/{rel}","templated":true}]}}