{"id":416,"date":"2025-08-12T13:55:18","date_gmt":"2025-08-12T10:55:18","guid":{"rendered":"https:\/\/birliktedirilishareketi.com\/?page_id=416"},"modified":"2025-08-27T14:45:58","modified_gmt":"2025-08-27T11:45:58","slug":"birlikte-dirilis-hareketi-calisma-yonergesi","status":"publish","type":"page","link":"https:\/\/birliktedirilishareketi.com\/index.php\/birlikte-dirilis-hareketi-calisma-yonergesi\/","title":{"rendered":"Birlikte Dirili\u015f Hareketi \u00c7al\u0131\u015fma Y\u00f6nergesi"},"content":{"rendered":"\n<p class=\"has-text-align-center has-lead-font-size\">              <strong>B\u0130RL\u0130KTE D\u0130R\u0130L\u0130\u015e HAREKET\u0130 (BDH) \u00c7ALI\u015eMA USUL ve ESASLARI Y\u00d6NERGES\u0130<\/strong><\/p>\n\n\n\n<p class=\"has-text-align-center\"><strong>B\u0130R\u0130NC\u0130 B\u00d6L\u00dcM<\/strong><\/p>\n\n\n\n<p class=\"has-text-align-center\"><strong>Ama\u00e7, Kapsam ve Tan\u0131mlar<\/strong><\/p>\n\n\n\n<p><strong>Ama\u00e7 ve Kapsam<\/strong><\/p>\n\n\n\n<p><strong>MADDE 1 \u2013 (1) <\/strong>Bu Y\u00f6nergenin amac\u0131, topluluk b\u00fcnyesindeki \u00e7al\u0131\u015fma gruplar\u0131n\u0131n i\u015fleyi\u015fi ile topluluk \u00fcyelerinin sorumluluklar\u0131na ili\u015fkin usul ve esaslar\u0131 belirlemektir.<\/p>\n\n\n\n<p><strong>Tan\u0131mlar<\/strong><\/p>\n\n\n\n<p><strong>MADDE 2\u2013 (1)<\/strong> Bu Y\u00f6nergede ge\u00e7en;<\/p>\n\n\n\n<p>a. \u00c7al\u0131\u015fma grubu: Topluluk b\u00fcnyesinde yer alan kurul, komisyon, birim gibi birden fazla ki\u015finin bir arada oldu\u011fu \u00fcnitelerin genel ad\u0131n\u0131,<\/p>\n\n\n\n<p>b. Kurul: Birden fazla komisyonun veya g\u00f6revlinin bir araya gelmesiyle olu\u015fturulan \u00e7al\u0131\u015fma gruplar\u0131n\u0131,<\/p>\n\n\n\n<p>c. Komisyon: \u00c7al\u0131\u015fma alan\u0131nda yer alan konulara ve\/veya \u00e7al\u0131\u015fma yap\u0131lacak meslek gruplar\u0131na g\u00f6re belirlenen ve idari, insan kayna\u011f\u0131 bi\u00e7iminde ikiye ayr\u0131lan \u00e7al\u0131\u015fma gruplar\u0131n\u0131<\/p>\n\n\n\n<p><a><\/a>d. Ta\u015fra te\u015fkilat\u0131: Komisyonlar\u0131n il ve il\u00e7e te\u015fkilatlar\u0131n\u0131,<\/p>\n\n\n\n<p>e. Temel Prensipler: T\u00fcm topluluk \u00fcyelerinin uymas\u0131 gereken prensiplerin yaz\u0131l\u0131 oldu\u011fu metni,<\/p>\n\n\n\n<p>\u0130fade eder.<\/p>\n\n\n\n<p class=\"has-text-align-center\"><strong>\u0130K\u0130NC\u0130 B\u00d6L\u00dcM<\/strong><\/p>\n\n\n\n<p class=\"has-text-align-center\"><strong>BDH \u00dcyelerinin G\u00f6rev ve Sorumluluklar\u0131<\/strong><\/p>\n\n\n\n<p><strong>MADDE 3 \u2013 (1)<\/strong> Ba\u011fl\u0131 olduklar\u0131 \u00e7al\u0131\u015fma gruplar\u0131n\u0131n toplant\u0131lar\u0131na i\u015ftirak ederler,<\/p>\n\n\n\n<p><strong>(2)<\/strong> Bulunduklar\u0131 \u00e7al\u0131\u015fma grubuna g\u00f6re; Y\u00f6netim Kurulu \u00dcyeleri ayl\u0131k gelirlerinin en fazla %5\u2019ini, di\u011fer t\u00fcm te\u015fkilat \u00fcyeleri ise ayl\u0131k gelirlerinin %3\u2019\u00fcn\u00fc kurulu\u015fa aidat olarak verirler. Dileyen sadaka mahiyetinde daha fazla destek de bulunabilirler.<\/p>\n\n\n\n<p><strong>&nbsp;(3)<\/strong> Topluluk \u00e7al\u0131\u015fmalar\u0131nda ve \u00f6zel hayatlar\u0131nda \u201cTemel Prensipler\u201d metnine uygun hareket ederler.<\/p>\n\n\n\n<p><strong>(4)<\/strong> Toplulu\u011fun ve ba\u011fl\u0131 olduklar\u0131 \u00e7al\u0131\u015fma gruplar\u0131n\u0131n kararlar\u0131na uyar ve bu kapsamda kendilerine verilen g\u00f6revleri yerine getirirler.<\/p>\n\n\n\n<p class=\"has-text-align-center\"><strong>\u00dc\u00c7\u00dcNC\u00dc B\u00d6L\u00dcM<\/strong><\/p>\n\n\n\n<p class=\"has-text-align-center\"><strong>\u0130sti\u015fare Kurulu<\/strong><\/p>\n\n\n\n<p><strong>Te\u015fekk\u00fcl\u00fc<\/strong><\/p>\n\n\n\n<p><strong>MADDE 4<\/strong> \u2013 (1) Y\u00f6netim kurulu \u00fcyeleri aras\u0131ndan y\u00f6netim kurulu \u00fcyelerinin g\u00f6r\u00fc\u015fleri al\u0131narak yeterli say\u0131da \u00fcye y\u00f6netim kurulu ba\u015fkan\u0131nca isti\u015fare kurulu \u00fcyesi olarak g\u00f6revlendirilir.&nbsp;<\/p>\n\n\n\n<p><strong>G\u00f6rev ve Yetkileri<\/strong><\/p>\n\n\n\n<p><strong>MADDE 5-(<\/strong>1) Y\u00f6netim kurulu taraf\u0131ndan sevk edilen konular hakk\u0131nda gerekli ara\u015ft\u0131rma ve incelemeyi yaparak tavsiye niteli\u011finde g\u00f6r\u00fc\u015flerini y\u00f6netim kuruluna sunar.<\/p>\n\n\n\n<p><strong>\u00c7al\u0131\u015fma Usul\u00fc<\/strong><\/p>\n\n\n\n<p><strong>Madde 6<\/strong>-(1) Kurul, ola\u011fan olarak ayda bir kez toplan\u0131r. Ancak, y\u00f6netim kurulunca sevk edilen konular\u0131n aciliyetine ve yo\u011funlu\u011funa ba\u011fl\u0131 olarak ola\u011fan\u00fcst\u00fc toplant\u0131lar da ger\u00e7ekle\u015ftirilebilir.<\/p>\n\n\n\n<p class=\"has-text-align-center\"><strong>D\u00d6RD\u00dcNC\u00dc B\u00d6L\u00dcM<\/strong><\/p>\n\n\n\n<p class=\"has-text-align-center\"><strong>Y\u00f6netim Kurulu<\/strong><\/p>\n\n\n\n<p><strong>Te\u015fekk\u00fcl\u00fc<\/strong><\/p>\n\n\n\n<p><strong>MADDE 7<\/strong> \u2013 Adilane (Avukatlar), Maarif ve Medeniyet (E\u011fitimciler ve \u0130lahiyat\u00e7\u0131lar), Mekteb-i \u015eifa (Sa\u011fl\u0131k \u00c7al\u0131\u015fanlar\u0131), Teknikhane (Mimarlar ve M\u00fchendisler), Karde\u015flik ve Birlik (Gen\u00e7lik), \u0130dari ve Mali \u0130\u015fler, Al\u0131n Teri ve Emek, Tan\u0131t\u0131m ve Medya, Yay\u0131nlar, Genel Sekreterlik, Mekteb-i Mev\u2019a, BDH Akademi, AR-GE ve Strateji, \u0130nsan Kaynaklar\u0131, Muhasebat, K\u00fclt\u00fcr ve Sanat, Ki\u015fisel Geli\u015fim ve Takip, D\u0131\u015f \u0130li\u015fkiler gibi komisyon ba\u015fkanlar\u0131 ile Y\u00f6netim Kurulu \u00fcyelerinin yer ald\u0131\u011f\u0131 kuruldur.<\/p>\n\n\n\n<p><strong>G\u00f6rev ve Yetkileri<\/strong><\/p>\n\n\n\n<p><strong>MADDE 8-(<\/strong>1) T\u00fcm komisyonlar\u0131n \u00e7al\u0131\u015fma alanlar\u0131n\u0131 belirlemek. Yeni komisyon kurulmas\u0131na, var olan komisyonlar\u0131n kapat\u0131lmas\u0131na veya isim de\u011fi\u015fikliklerine karar vermek. Komisyon ba\u015fkanlar\u0131na ili\u015fkin g\u00f6rev de\u011fi\u015fikli\u011fi \u00f6nerilerini karara ba\u011flamak,<\/p>\n\n\n\n<p>(2) Toplulu\u011fa ili\u015fkin genel kararlar\u0131 almak,<\/p>\n\n\n\n<p>(3) Y\u00f6nergeleri belirlemek, komisyonlardan gelen y\u00f6nerge \u00f6nerilerini karara ba\u011flamak.<\/p>\n\n\n\n<p>(4) Komisyonlar\u0131n i\u015fleyi\u015fini denetlemek,<\/p>\n\n\n\n<p>(5) Komisyon y\u00f6netim kurulu \u00fcyeliklerine ve komisyon il ba\u015fkanl\u0131klar\u0131na yap\u0131lacak yeni g\u00f6revlendirme ile an\u0131lan g\u00f6revlere y\u00f6nelik g\u00f6rev de\u011fi\u015fikliklerini karara ba\u011flamak.<\/p>\n\n\n\n<p class=\"has-text-align-center\"><strong>BE\u015e\u0130NC\u0130 B\u00d6L\u00dcM<\/strong><\/p>\n\n\n\n<p class=\"has-text-align-center\"><strong>Dan\u0131\u015fma Kurullar\u0131<\/strong><\/p>\n\n\n\n<p><strong>MADDE 9-<\/strong>(1) Y\u00f6netim kurulu ve her bir komisyon gerek duydu\u011fu takdirde dan\u0131\u015fma kurulu olu\u015fturabilir. Dan\u0131\u015fma kurulu \u00fcyeliklerine y\u00f6netim kurulunca uygun g\u00f6r\u00fclen ki\u015filer g\u00f6revlendirilir.<\/p>\n\n\n\n<p>(2) Dan\u0131\u015fma Kurulu \u00fcyeleri \u00f6ncelikle topluluk b\u00fcnyesinde daha \u00f6nce g\u00f6rev yapm\u0131\u015f ki\u015filer aras\u0131ndan se\u00e7ilir. Topluluk b\u00fcnyesinde daha \u00f6nce g\u00f6rev yapmam\u0131\u015f ki\u015filere de gerek duyuldu\u011fu takdirde g\u00f6rev verilebilir.<\/p>\n\n\n\n<p>(3) Dan\u0131\u015fma Kurulu \u00fcyeleri BDH \u00fcyesi say\u0131lmazlar. Bu nedenle BDH &nbsp;\u00fcyelerinin g\u00f6rev ve sorumluluklar\u0131na ve temel esaslara tabi de\u011fildirler.<\/p>\n\n\n\n<p>(4) Dan\u0131\u015fma Kurulu \u00fcyeleri ile en ge\u00e7 \u00fc\u00e7 ayda bir toplant\u0131 yap\u0131l\u0131r. Bu toplant\u0131 d\u0131\u015f\u0131nda dan\u0131\u015f\u0131lmas\u0131 gereken konulara ili\u015fkin kurul \u00fcyeleri ile komisyon ba\u015fkan\u0131 veya y\u00f6netim kurulu ba\u015fkan\u0131n\u0131n uygun g\u00f6r\u00fc\u015f\u00fc ile g\u00f6r\u00fc\u015fme veya toplant\u0131 yap\u0131labilir.<\/p>\n\n\n\n<p><strong>\u00a0\u00a0\u00a0\u00a0\u00a0\u00a0\u00a0\u00a0\u00a0\u00a0\u00a0\u00a0\u00a0\u00a0\u00a0\u00a0\u00a0\u00a0\u00a0\u00a0\u00a0\u00a0\u00a0\u00a0\u00a0\u00a0\u00a0\u00a0\u00a0\u00a0\u00a0\u00a0\u00a0\u00a0\u00a0\u00a0\u00a0\u00a0\u00a0\u00a0\u00a0\u00a0\u00a0\u00a0\u00a0\u00a0\u00a0\u00a0\u00a0\u00a0\u00a0\u00a0         \u00a0\u00a0\u00a0\u00a0\u00a0\u00a0 ALTINCI B\u00d6L\u00dcM<\/strong><\/p>\n\n\n\n<p class=\"has-text-align-center\"><strong>Komisyonlar<\/strong><\/p>\n\n\n\n<p><strong>G\u00f6revlendirme<\/strong><\/p>\n\n\n\n<p><strong>MADDE 10-<\/strong>(1) Y\u00f6netim kurulu gerek duydu\u011fu takdirde komisyon olu\u015fturabilir. Komisyon \u00fcyeliklerine y\u00f6netim kurulunca uygun g\u00f6r\u00fclen ki\u015filer g\u00f6revlendirilir.<\/p>\n\n\n\n<p>(2) Komisyonlar gerek duydu\u011fu takdirde Y\u00f6netim Kurulunun onay\u0131 ile alt komisyonlar olu\u015fturabilir.<\/p>\n\n\n\n<p><strong>G\u00f6rev ve Yetkileri<\/strong><\/p>\n\n\n\n<p><strong>MADDE 11-<\/strong>(1) Komisyonlar \u00e7al\u0131\u015fma alan\u0131nda yer alan konulara ve\/veya \u00e7al\u0131\u015fma &nbsp;&nbsp;&nbsp;yap\u0131lacak meslek gruplar\u0131na g\u00f6re belirlenen ve idari, insan kayna\u011f\u0131 bi\u00e7iminde ikiye ayr\u0131l\u0131r.<\/p>\n\n\n\n<p>(2) \u00c7al\u0131\u015fma alanlar\u0131nda yer alan konularda faaliyetlerde bulunur,<\/p>\n\n\n\n<p>(3) \u0130sti\u015fare Kurulu ve Y\u00f6netim Kurulu taraf\u0131ndan verilen g\u00f6revleri yerine getirir,<\/p>\n\n\n\n<p>(4) Haftal\u0131k olarak toplant\u0131 yap\u0131lmas\u0131 (ileti\u015fim ara\u00e7lar\u0131 veya y\u00fcz y\u00fcze) gerekmektedir,<\/p>\n\n\n\n<p>(5) Toplant\u0131lar, 5 dakikal\u0131k bedensel egzersiz ve 5 dakikal\u0131k mali durum de\u011ferlendirmesi ile ba\u015flat\u0131l\u0131r. Bu uygulama zorunlu ve s\u00fcrekli karard\u0131r.<\/p>\n\n\n\n<p class=\"has-text-align-center\"><strong>YED\u0130NC\u0130 B\u00d6L\u00dcM<\/strong><\/p>\n\n\n\n<p class=\"has-text-align-center\"><strong>\u0130l\/\u0130l\u00e7e Ba\u015fkanlar\u0131 ve Temsilcileri<\/strong><\/p>\n\n\n\n<p><strong>&nbsp;&nbsp;&nbsp;&nbsp;&nbsp;&nbsp;&nbsp;&nbsp;&nbsp;&nbsp; G\u00f6revlendirme<\/strong><\/p>\n\n\n\n<p><strong>MADDE 12-<\/strong>(1) Y\u00f6netim kurulu gerek duydu\u011fu takdirde illerde ve il\u00e7elerde il\/il\u00e7e ba\u015fkanlar\u0131 veya il\/il\u00e7e temsilcileri atayabilir.<\/p>\n\n\n\n<p><a><\/a>(2) \u00dc\u00e7ten fazla te\u015fkilat \u00fcyesinin bulundu\u011fu il ve il\u00e7elerde il\/il\u00e7e ba\u015fkan\u0131, daha az te\u015fkilat \u00fcyesinin bulundu\u011fu il ve il\u00e7elerde ise il\/il\u00e7e temsilcisi atanabilir.<\/p>\n\n\n\n<p><strong>G\u00f6rev ve Yetkileri<\/strong><\/p>\n\n\n\n<p><strong>MADDE 13-<\/strong>(1) BDH Toplulu\u011funu g\u00f6revlendirildi\u011fi il\/il\u00e7ede temsil etmek,<\/p>\n\n\n\n<p>(2) \u0130l\/il\u00e7elerde BDH Toplulu\u011funda g\u00f6revli ki\u015filerin koordinasyonunu ve ileti\u015fimini sa\u011flamak,<\/p>\n\n\n\n<p>(3) \u0130sti\u015fare Kurulu ve Y\u00f6netim Kurulu taraf\u0131ndan verilen g\u00f6revleri yerine getirmek,<\/p>\n\n\n\n<p>(4) Ayl\u0131k olarak Y\u00f6netim Kurulu toplant\u0131lar\u0131na kat\u0131larak g\u00f6revli oldu\u011fu il\/il\u00e7edeki \u00e7al\u0131\u015fmalara ili\u015fkin rapor vermek.<\/p>\n","protected":false},"excerpt":{"rendered":"<p>B\u0130RL\u0130KTE D\u0130R\u0130L\u0130\u015e HAREKET\u0130 (BDH) \u00c7ALI\u015eMA USUL ve ESASLARI Y\u00d6NERGES\u0130 B\u0130R\u0130NC\u0130 B\u00d6L\u00dcM Ama\u00e7, Kapsam ve Tan\u0131mlar Ama\u00e7 ve Kapsam MADDE 1 \u2013 (1) Bu Y\u00f6nergenin amac\u0131, topluluk b\u00fcnyesindeki \u00e7al\u0131\u015fma gruplar\u0131n\u0131n i\u015fleyi\u015fi ile topluluk \u00fcyelerinin sorumluluklar\u0131na ili\u015fkin usul ve esaslar\u0131 belirlemektir. Tan\u0131mlar MADDE 2\u2013 (1) Bu Y\u00f6nergede ge\u00e7en; a. \u00c7al\u0131\u015fma grubu: Topluluk b\u00fcnyesinde yer alan kurul, komisyon, [&hellip;]<\/p>\n","protected":false},"author":1,"featured_media":234,"parent":0,"menu_order":0,"comment_status":"closed","ping_status":"closed","template":"","meta":{"footnotes":""},"class_list":["post-416","page","type-page","status-publish","has-post-thumbnail","hentry"],"_links":{"self":[{"href":"https:\/\/birliktedirilishareketi.com\/index.php\/wp-json\/wp\/v2\/pages\/416","targetHints":{"allow":["GET"]}}],"collection":[{"href":"https:\/\/birliktedirilishareketi.com\/index.php\/wp-json\/wp\/v2\/pages"}],"about":[{"href":"https:\/\/birliktedirilishareketi.com\/index.php\/wp-json\/wp\/v2\/types\/page"}],"author":[{"embeddable":true,"href":"https:\/\/birliktedirilishareketi.com\/index.php\/wp-json\/wp\/v2\/users\/1"}],"replies":[{"embeddable":true,"href":"https:\/\/birliktedirilishareketi.com\/index.php\/wp-json\/wp\/v2\/comments?post=416"}],"version-history":[{"count":3,"href":"https:\/\/birliktedirilishareketi.com\/index.php\/wp-json\/wp\/v2\/pages\/416\/revisions"}],"predecessor-version":[{"id":503,"href":"https:\/\/birliktedirilishareketi.com\/index.php\/wp-json\/wp\/v2\/pages\/416\/revisions\/503"}],"wp:featuredmedia":[{"embeddable":true,"href":"https:\/\/birliktedirilishareketi.com\/index.php\/wp-json\/wp\/v2\/media\/234"}],"wp:attachment":[{"href":"https:\/\/birliktedirilishareketi.com\/index.php\/wp-json\/wp\/v2\/media?parent=416"}],"curies":[{"name":"wp","href":"https:\/\/api.w.org\/{rel}","templated":true}]}}